{"id":6159,"date":"2024-01-07T18:35:38","date_gmt":"2024-01-07T16:35:38","guid":{"rendered":"https:\/\/fincasilla.com\/aviso-legal\/"},"modified":"2024-05-01T15:49:08","modified_gmt":"2024-05-01T13:49:08","slug":"avis-legal","status":"publish","type":"page","link":"https:\/\/fincasilla.com\/ca\/avis-legal\/","title":{"rendered":"Av\u00eds legal"},"content":{"rendered":"[vc_row type=&#8221;in_container&#8221; full_screen_row_position=&#8221;middle&#8221; column_margin=&#8221;default&#8221; column_direction=&#8221;default&#8221; column_direction_tablet=&#8221;default&#8221; column_direction_phone=&#8221;default&#8221; scene_position=&#8221;center&#8221; text_color=&#8221;dark&#8221; text_align=&#8221;left&#8221; row_border_radius=&#8221;none&#8221; row_border_radius_applies=&#8221;bg&#8221; overflow=&#8221;visible&#8221; overlay_strength=&#8221;0.3&#8243; gradient_direction=&#8221;left_to_right&#8221; shape_divider_position=&#8221;bottom&#8221; bg_image_animation=&#8221;none&#8221;][vc_column column_padding=&#8221;no-extra-padding&#8221; column_padding_tablet=&#8221;inherit&#8221; column_padding_phone=&#8221;inherit&#8221; column_padding_position=&#8221;all&#8221; column_element_direction_desktop=&#8221;default&#8221; column_element_spacing=&#8221;default&#8221; desktop_text_alignment=&#8221;default&#8221; tablet_text_alignment=&#8221;default&#8221; phone_text_alignment=&#8221;default&#8221; background_color_opacity=&#8221;1&#8243; background_hover_color_opacity=&#8221;1&#8243; column_backdrop_filter=&#8221;none&#8221; column_shadow=&#8221;none&#8221; column_border_radius=&#8221;none&#8221; column_link_target=&#8221;_self&#8221; column_position=&#8221;default&#8221; gradient_direction=&#8221;left_to_right&#8221; overlay_strength=&#8221;0.3&#8243; width=&#8221;1\/1&#8243; tablet_width_inherit=&#8221;default&#8221; animation_type=&#8221;default&#8221; bg_image_animation=&#8221;none&#8221; border_type=&#8221;simple&#8221; column_border_width=&#8221;none&#8221; column_border_style=&#8221;solid&#8221;][vc_column_text]\n<h1>AV\u00cdS LEGAL<\/h1>\n<p>De conformitat amb el que disposen els articles 10 i 11 de la Llei 34\/2002, d&#8217;11 de juliol, de Serveis de la Societat de la Informaci\u00f3 i de Comer\u00e7 Electr\u00f2nic es posa a disposici\u00f3 dels usuaris i visitants la informaci\u00f3 legal relativa a la entitat propiet\u00e0ria del lloc web ubicat a l&#8217;adre\u00e7a d&#8217;Internet www.fincasilla.com<\/p>\n<p><strong><u>Titular de la p\u00e0gina web.<\/u><\/strong><\/p>\n<p>Titular: Horacio Rodriguez Daverio Ferreira<\/p>\n<p>CIF\/NIF: 42390373Q<\/p>\n<p>Domicili: Disseminat Distr-2 Secci-4,07141, Palma, Balears, Illes,Espanya<\/p>\n<p>Adre\u00e7a de correu electr\u00f2nic: info@fincasilla.com<\/p>\n<p><strong>Condicions d&#8217;\u00fas:<\/strong><br \/>\nPer navegar en aquesta p\u00e0gina web com a visitant o per registrar-se i poder accedir als serveis oferts per Mois\u00e9s Garrido Morcillo, caldr\u00e0 acceptar les seg\u00fcents condicions de servei i \u00fas:<\/p>\n<ol>\n<li>L&#8217;usuari assumeix aquestes condicions generals d&#8217;\u00fas i servei de la p\u00e0gina web www.fincasilla.com. Si l&#8217;usuari no accepta aquestes condicions, no podr\u00e0 fer \u00fas dels serveis i continguts de la p\u00e0gina web www.fincasilla.com<\/li>\n<li>Les presents condicions d&#8217;\u00fas regulen l&#8217;acc\u00e9s i la utilitzaci\u00f3 de la p\u00e0gina web www.fincasilla.com. La utilitzaci\u00f3 d&#8217;aquest web us atribueix la condici\u00f3 d&#8217;usuari des de l&#8217;acc\u00e9s i l&#8217;inici de la navegaci\u00f3. Des del moment d&#8217;acc\u00e9s a qualsevol dels continguts, l&#8217;usuari accepta de manera expressa aquestes condicions generals. L&#8217;usuari accepta les condicions particulars aplicables dels diferents serveis que ofereix l&#8217;entitat a la web a qu\u00e8 accedeix.<\/li>\n<li>A trav\u00e9s de la p\u00e0gina web, www.fincasilla.com es facilita als usuaris l&#8217;acc\u00e9s i la utilitzaci\u00f3 de diversa informaci\u00f3 i diversos serveis.<\/li>\n<li>L&#8217;usuari ha de ser m\u00e9s gran per utilitzar els serveis de la web www.fincasilla.com. Els menors de 18 anys nom\u00e9s podran utilitzar els serveis de la web www.fincasilla.com sota la supervisi\u00f3 d&#8217;un progenitor o tutor legal.<\/li>\n<li>L&#8217;usuari es compromet a fer un \u00fas adequat dels continguts i serveis de la p\u00e0gina web www.fincasilla.com. Aquest \u00fas s&#8217;ha de fer de conformitat amb la Llei, els bons costums, l&#8217;ordre p\u00fablic i el que disposen aquestes condicions generals.<\/li>\n<li>Amb car\u00e0cter general, per a la prestaci\u00f3 dels serveis i l&#8217;acc\u00e9s a la informaci\u00f3 de la p\u00e0gina web no s&#8217;exigeix \u200b\u200bla subscripci\u00f3 pr\u00e8via o registre de l&#8217;usuari. Tot i aix\u00f2, Mois\u00e9s Garrido Morcillo condiciona la utilitzaci\u00f3 d&#8217;alguns dels serveis, oferts a la web a l&#8217;emplenament previ del corresponent registre o formulari de recollida de dades de car\u00e0cter personal de l&#8217;usuari. Aquest registre s&#8217;efectuar\u00e0 en la forma expressament indicada al mateix servei o en les condicions particulars que, si s&#8217;escau, el regulin.<\/li>\n<li>L&#8217;usuari assumeix l&#8217;obligaci\u00f3 de no fer cap actuaci\u00f3 que pugui danyar, inutilitzar, fer inaccessible o deteriorar els continguts, els serveis i\/o impedir un gaudi normal de la p\u00e0gina web www.fincasilla.com per altres usuaris. En particular, ia t\u00edtol merament enunciatiu i no limitatiu, l&#8217;usuari es compromet a:<\/li>\n<\/ol>\n<p>No realitzar cap acci\u00f3 que pugui afectar, destruir, alterar, inutilitzar o fer malb\u00e9 dades de car\u00e0cter personal, programes o documents electr\u00f2nics que es trobin a la web.<\/p>\n<p>No introduir, emmagatzemar o difondre cap programa d&#8217;ordinador, dades, virus o codi que sigui susceptible de causar danys a la p\u00e0gina web, a qualsevol dels serveis, oa qualsevol dels equips, sistemes o xarxes de l&#8217;entitat, de qualsevol altre usuari i\/o de qualsevol prove\u00efdor de lentitat.<\/p>\n<p><strong>Modificacions.<\/strong><br \/>\nL&#8217;entitat es reserva el dret a modificar unilateralment en qualsevol moment les presents condicions a causa de l&#8217;exist\u00e8ncia de noves circumst\u00e0ncies econ\u00f2miques i\/o comercials que aix\u00ed ho aconsellin, aix\u00ed com per la modificaci\u00f3, l&#8217;evoluci\u00f3 i la promulgaci\u00f3 de lleis, reglaments i normes d&#8217;aplicaci\u00f3 que afectin la prestaci\u00f3 del servei i\/o aspectes connexos a aix\u00f2. En aquests casos, es procedir\u00e0 a la seva publicaci\u00f3 i av\u00eds amb la m\u00e0xima antelaci\u00f3 possible. De la mateixa manera, es reserva el dret a modificar, unilateralment en qualsevol moment la presentaci\u00f3 i configuraci\u00f3 de la web.<\/p>\n<p><strong>Enlla\u00e7os amb tercers.<\/strong><br \/>\nAquest Av\u00eds Legal nom\u00e9s es refereix a la p\u00e0gina web, i no s&#8217;aplica als enlla\u00e7os oa les p\u00e0gines web de tercers accessibles a trav\u00e9s de la p\u00e0gina web. L&#8217;entitat no \u00e9s responsable del contingut de cap de les p\u00e0gines web de destinaci\u00f3 d&#8217;un enlla\u00e7, ni de cap enlla\u00e7 incl\u00f2s en una p\u00e0gina web on s&#8217;arribi des del web de l&#8217;entitat.<\/p>\n<p><strong>Propietat Intel\u00b7lectual.<\/strong><br \/>\nTots els continguts de la p\u00e0gina web s\u00f3n titularitat exclusiva de l&#8217;entitat i, amb car\u00e0cter enunciatiu, que no \u00e9s limitatiu, el disseny gr\u00e0fic, codi font, logos, textos, gr\u00e0fics, il\u00b7lustracions, fotografies, i altres elements que apareixen a la p\u00e0gina web. Aix\u00ed mateix, els noms comercials, marques o signes distintius de qualsevol classe continguts a la p\u00e0gina web estan protegits per la Llei de propietat intel\u00b7lectual i industrial. Correspon a lentitat lexercici exclusiu dels drets dexplotaci\u00f3 de la propietat intel\u00b7lectual esmentada, en qualsevol forma i, en especial, els drets de reproducci\u00f3, distribuci\u00f3 i comunicaci\u00f3 p\u00fablica. L&#8217;usuari t\u00e9 prohibit qualsevol \u00fas no consentit total o parcial de qualsevol dels continguts de la p\u00e0gina web que integren els drets de propietat intel\u00b7lectual o industrial de l&#8217;entitat sobre la p\u00e0gina i\/o els continguts.<\/p>\n<p>L&#8217;entitat es reserva el dret a realitzar qualsevol tipus d&#8217;acci\u00f3 legal contra qualsevol usuari que faci una acci\u00f3 que impliqui reproducci\u00f3, distribuci\u00f3, comercialitzaci\u00f3, transformaci\u00f3 i, en general, qualsevol altra forma d&#8217;explotaci\u00f3, per qualsevol procediment, de tot o part dels continguts de la p\u00e0gina web, i que constitueixi una infracci\u00f3 dels drets de propietat intel\u00b7lectual i\/o industrial de la mateixa.<\/p>\n<p><strong>Notificacions.<\/strong><br \/>\nAls efectes de les presents condicions generals, i per a qualsevol comunicaci\u00f3 que calgui entre l&#8217;entitat i l&#8217;usuari, aquest \u00faltim haur\u00e0 de fer \u00fas del correu electr\u00f2nic info@fincasilla.com. Les comunicacions de l&#8217;entitat a l&#8217;usuari es faran d&#8217;acord amb les dades de car\u00e0cter personal aportades per aquest darrer en registrar-se a la p\u00e0gina web www.fincasilla.com. L&#8217;usuari accepta expressament i per a totes les comunicacions relacionades amb la utilitzaci\u00f3 de la p\u00e0gina web i\/o la contractaci\u00f3 dels serveis oferts a la mateixa, la utilitzaci\u00f3 del correu electr\u00f2nic com a procediment v\u00e0lid per a la remissi\u00f3 d&#8217;aquestes comunicacions.<\/p>\n<p><strong>Legislaci\u00f3 aplicable.<\/strong><br \/>\nLes relacions establertes entre el titular de la p\u00e0gina web i lusuari es regiran per la normativa espanyola vigent, i la resoluci\u00f3 de qualsevol possible controv\u00e8rsia que pugui sorgir quedar\u00e0 sotmesa als Jutjats i Tribunals competents. En cas que l&#8217;usuari tingui la condici\u00f3 de consumidor, seran competents els jutjats i tribunals que corresponguin segons el que preveu la normativa de consumidors vigent.[\/vc_column_text][\/vc_column][\/vc_row]\n","protected":false},"excerpt":{"rendered":"<p>[vc_row type=&#8221;in_container&#8221; full_screen_row_position=&#8221;middle&#8221; column_margin=&#8221;default&#8221; column_direction=&#8221;default&#8221; column_direction_tablet=&#8221;default&#8221; column_direction_phone=&#8221;default&#8221; scene_position=&#8221;center&#8221; text_color=&#8221;dark&#8221; text_align=&#8221;left&#8221; row_border_radius=&#8221;none&#8221; row_border_radius_applies=&#8221;bg&#8221; overflow=&#8221;visible&#8221; overlay_strength=&#8221;0.3&#8243; gradient_direction=&#8221;left_to_right&#8221; shape_divider_position=&#8221;bottom&#8221; bg_image_animation=&#8221;none&#8221;][vc_column column_padding=&#8221;no-extra-padding&#8221; column_padding_tablet=&#8221;inherit&#8221; column_padding_phone=&#8221;inherit&#8221; column_padding_position=&#8221;all&#8221; column_element_direction_desktop=&#8221;default&#8221; column_element_spacing=&#8221;default&#8221; desktop_text_alignment=&#8221;default&#8221; tablet_text_alignment=&#8221;default&#8221; phone_text_alignment=&#8221;default&#8221; background_color_opacity=&#8221;1&#8243; background_hover_color_opacity=&#8221;1&#8243; column_backdrop_filter=&#8221;none&#8221; column_shadow=&#8221;none&#8221;&#8230;<\/p>\n","protected":false},"author":6,"featured_media":0,"parent":0,"menu_order":0,"comment_status":"closed","ping_status":"closed","template":"","meta":{"inline_featured_image":false,"footnotes":"","_joinchat":[]},"yoast_head":"<!-- This site is optimized with the Yoast SEO plugin v21.9.1 - https:\/\/yoast.com\/wordpress\/plugins\/seo\/ -->\n<title>Av\u00eds legal - Finca S&#039;illa<\/title>\n<meta name=\"robots\" content=\"index, follow, max-snippet:-1, max-image-preview:large, max-video-preview:-1\" \/>\n<link rel=\"canonical\" href=\"https:\/\/fincasilla.com\/ca\/avis-legal\/\" \/>\n<meta property=\"og:locale\" content=\"ca_ES\" \/>\n<meta property=\"og:type\" content=\"article\" \/>\n<meta property=\"og:title\" content=\"Av\u00eds legal - Finca S&#039;illa\" \/>\n<meta property=\"og:description\" content=\"[vc_row type=&#8221;in_container&#8221; full_screen_row_position=&#8221;middle&#8221; column_margin=&#8221;default&#8221; column_direction=&#8221;default&#8221; column_direction_tablet=&#8221;default&#8221; column_direction_phone=&#8221;default&#8221; scene_position=&#8221;center&#8221; text_color=&#8221;dark&#8221; text_align=&#8221;left&#8221; row_border_radius=&#8221;none&#8221; row_border_radius_applies=&#8221;bg&#8221; overflow=&#8221;visible&#8221; overlay_strength=&#8221;0.3&#8243; gradient_direction=&#8221;left_to_right&#8221; shape_divider_position=&#8221;bottom&#8221; bg_image_animation=&#8221;none&#8221;][vc_column column_padding=&#8221;no-extra-padding&#8221; column_padding_tablet=&#8221;inherit&#8221; column_padding_phone=&#8221;inherit&#8221; column_padding_position=&#8221;all&#8221; column_element_direction_desktop=&#8221;default&#8221; column_element_spacing=&#8221;default&#8221; desktop_text_alignment=&#8221;default&#8221; tablet_text_alignment=&#8221;default&#8221; phone_text_alignment=&#8221;default&#8221; background_color_opacity=&#8221;1&#8243; background_hover_color_opacity=&#8221;1&#8243; column_backdrop_filter=&#8221;none&#8221; column_shadow=&#8221;none&#8221;...\" \/>\n<meta property=\"og:url\" content=\"https:\/\/fincasilla.com\/ca\/avis-legal\/\" \/>\n<meta property=\"og:site_name\" content=\"Finca S&#039;illa\" \/>\n<meta property=\"article:publisher\" content=\"https:\/\/www.facebook.com\/hipicamallorca\" \/>\n<meta property=\"article:modified_time\" content=\"2024-05-01T13:49:08+00:00\" \/>\n<meta name=\"twitter:card\" content=\"summary_large_image\" \/>\n<meta name=\"twitter:label1\" content=\"Temps estimat de lectura\" \/>\n\t<meta name=\"twitter:data1\" content=\"6 minuts\" \/>\n<script type=\"application\/ld+json\" class=\"yoast-schema-graph\">{\"@context\":\"https:\/\/schema.org\",\"@graph\":[{\"@type\":\"WebPage\",\"@id\":\"https:\/\/fincasilla.com\/ca\/avis-legal\/\",\"url\":\"https:\/\/fincasilla.com\/ca\/avis-legal\/\",\"name\":\"Av\u00eds legal - Finca S&#039;illa\",\"isPartOf\":{\"@id\":\"https:\/\/fincasilla.com\/#website\"},\"datePublished\":\"2024-01-07T16:35:38+00:00\",\"dateModified\":\"2024-05-01T13:49:08+00:00\",\"breadcrumb\":{\"@id\":\"https:\/\/fincasilla.com\/ca\/avis-legal\/#breadcrumb\"},\"inLanguage\":\"ca\",\"potentialAction\":[{\"@type\":\"ReadAction\",\"target\":[\"https:\/\/fincasilla.com\/ca\/avis-legal\/\"]}]},{\"@type\":\"BreadcrumbList\",\"@id\":\"https:\/\/fincasilla.com\/ca\/avis-legal\/#breadcrumb\",\"itemListElement\":[{\"@type\":\"ListItem\",\"position\":1,\"name\":\"Portada\",\"item\":\"https:\/\/fincasilla.com\/ca\/\"},{\"@type\":\"ListItem\",\"position\":2,\"name\":\"Av\u00eds legal\"}]},{\"@type\":\"WebSite\",\"@id\":\"https:\/\/fincasilla.com\/#website\",\"url\":\"https:\/\/fincasilla.com\/\",\"name\":\"Finca S&#039;illa\",\"description\":\"\",\"publisher\":{\"@id\":\"https:\/\/fincasilla.com\/#organization\"},\"potentialAction\":[{\"@type\":\"SearchAction\",\"target\":{\"@type\":\"EntryPoint\",\"urlTemplate\":\"https:\/\/fincasilla.com\/?s={search_term_string}\"},\"query-input\":\"required name=search_term_string\"}],\"inLanguage\":\"ca\"},{\"@type\":\"Organization\",\"@id\":\"https:\/\/fincasilla.com\/#organization\",\"name\":\"Granja Escuela Finca S\u00b4illa para ni\u00f1os en Palma de Mallorca\",\"url\":\"https:\/\/fincasilla.com\/\",\"logo\":{\"@type\":\"ImageObject\",\"inLanguage\":\"ca\",\"@id\":\"https:\/\/fincasilla.com\/#\/schema\/logo\/image\/\",\"url\":\"http:\/\/fincasilla.com\/wp-content\/uploads\/2021\/11\/cropped-Logo_Hipica_Mallorca_Finca_Silla_Favicom.png\",\"contentUrl\":\"http:\/\/fincasilla.com\/wp-content\/uploads\/2021\/11\/cropped-Logo_Hipica_Mallorca_Finca_Silla_Favicom.png\",\"width\":512,\"height\":512,\"caption\":\"Granja Escuela Finca S\u00b4illa para ni\u00f1os en Palma de Mallorca\"},\"image\":{\"@id\":\"https:\/\/fincasilla.com\/#\/schema\/logo\/image\/\"},\"sameAs\":[\"https:\/\/www.facebook.com\/hipicamallorca\",\"https:\/\/instagram.com\/hipicamallorca\"]}]}<\/script>\n<!-- \/ Yoast SEO plugin. -->","yoast_head_json":{"title":"Av\u00eds legal - Finca S&#039;illa","robots":{"index":"index","follow":"follow","max-snippet":"max-snippet:-1","max-image-preview":"max-image-preview:large","max-video-preview":"max-video-preview:-1"},"canonical":"https:\/\/fincasilla.com\/ca\/avis-legal\/","og_locale":"ca_ES","og_type":"article","og_title":"Av\u00eds legal - Finca S&#039;illa","og_description":"[vc_row type=&#8221;in_container&#8221; full_screen_row_position=&#8221;middle&#8221; column_margin=&#8221;default&#8221; column_direction=&#8221;default&#8221; column_direction_tablet=&#8221;default&#8221; column_direction_phone=&#8221;default&#8221; scene_position=&#8221;center&#8221; text_color=&#8221;dark&#8221; text_align=&#8221;left&#8221; row_border_radius=&#8221;none&#8221; row_border_radius_applies=&#8221;bg&#8221; overflow=&#8221;visible&#8221; overlay_strength=&#8221;0.3&#8243; gradient_direction=&#8221;left_to_right&#8221; shape_divider_position=&#8221;bottom&#8221; bg_image_animation=&#8221;none&#8221;][vc_column column_padding=&#8221;no-extra-padding&#8221; column_padding_tablet=&#8221;inherit&#8221; column_padding_phone=&#8221;inherit&#8221; column_padding_position=&#8221;all&#8221; column_element_direction_desktop=&#8221;default&#8221; column_element_spacing=&#8221;default&#8221; desktop_text_alignment=&#8221;default&#8221; tablet_text_alignment=&#8221;default&#8221; phone_text_alignment=&#8221;default&#8221; background_color_opacity=&#8221;1&#8243; background_hover_color_opacity=&#8221;1&#8243; column_backdrop_filter=&#8221;none&#8221; column_shadow=&#8221;none&#8221;...","og_url":"https:\/\/fincasilla.com\/ca\/avis-legal\/","og_site_name":"Finca S&#039;illa","article_publisher":"https:\/\/www.facebook.com\/hipicamallorca","article_modified_time":"2024-05-01T13:49:08+00:00","twitter_card":"summary_large_image","twitter_misc":{"Temps estimat de lectura":"6 minuts"},"schema":{"@context":"https:\/\/schema.org","@graph":[{"@type":"WebPage","@id":"https:\/\/fincasilla.com\/ca\/avis-legal\/","url":"https:\/\/fincasilla.com\/ca\/avis-legal\/","name":"Av\u00eds legal - Finca S&#039;illa","isPartOf":{"@id":"https:\/\/fincasilla.com\/#website"},"datePublished":"2024-01-07T16:35:38+00:00","dateModified":"2024-05-01T13:49:08+00:00","breadcrumb":{"@id":"https:\/\/fincasilla.com\/ca\/avis-legal\/#breadcrumb"},"inLanguage":"ca","potentialAction":[{"@type":"ReadAction","target":["https:\/\/fincasilla.com\/ca\/avis-legal\/"]}]},{"@type":"BreadcrumbList","@id":"https:\/\/fincasilla.com\/ca\/avis-legal\/#breadcrumb","itemListElement":[{"@type":"ListItem","position":1,"name":"Portada","item":"https:\/\/fincasilla.com\/ca\/"},{"@type":"ListItem","position":2,"name":"Av\u00eds legal"}]},{"@type":"WebSite","@id":"https:\/\/fincasilla.com\/#website","url":"https:\/\/fincasilla.com\/","name":"Finca S&#039;illa","description":"","publisher":{"@id":"https:\/\/fincasilla.com\/#organization"},"potentialAction":[{"@type":"SearchAction","target":{"@type":"EntryPoint","urlTemplate":"https:\/\/fincasilla.com\/?s={search_term_string}"},"query-input":"required name=search_term_string"}],"inLanguage":"ca"},{"@type":"Organization","@id":"https:\/\/fincasilla.com\/#organization","name":"Granja Escuela Finca S\u00b4illa para ni\u00f1os en Palma de Mallorca","url":"https:\/\/fincasilla.com\/","logo":{"@type":"ImageObject","inLanguage":"ca","@id":"https:\/\/fincasilla.com\/#\/schema\/logo\/image\/","url":"http:\/\/fincasilla.com\/wp-content\/uploads\/2021\/11\/cropped-Logo_Hipica_Mallorca_Finca_Silla_Favicom.png","contentUrl":"http:\/\/fincasilla.com\/wp-content\/uploads\/2021\/11\/cropped-Logo_Hipica_Mallorca_Finca_Silla_Favicom.png","width":512,"height":512,"caption":"Granja Escuela Finca S\u00b4illa para ni\u00f1os en Palma de Mallorca"},"image":{"@id":"https:\/\/fincasilla.com\/#\/schema\/logo\/image\/"},"sameAs":["https:\/\/www.facebook.com\/hipicamallorca","https:\/\/instagram.com\/hipicamallorca"]}]}},"_links":{"self":[{"href":"https:\/\/fincasilla.com\/ca\/wp-json\/wp\/v2\/pages\/6159"}],"collection":[{"href":"https:\/\/fincasilla.com\/ca\/wp-json\/wp\/v2\/pages"}],"about":[{"href":"https:\/\/fincasilla.com\/ca\/wp-json\/wp\/v2\/types\/page"}],"author":[{"embeddable":true,"href":"https:\/\/fincasilla.com\/ca\/wp-json\/wp\/v2\/users\/6"}],"replies":[{"embeddable":true,"href":"https:\/\/fincasilla.com\/ca\/wp-json\/wp\/v2\/comments?post=6159"}],"version-history":[{"count":1,"href":"https:\/\/fincasilla.com\/ca\/wp-json\/wp\/v2\/pages\/6159\/revisions"}],"predecessor-version":[{"id":6160,"href":"https:\/\/fincasilla.com\/ca\/wp-json\/wp\/v2\/pages\/6159\/revisions\/6160"}],"wp:attachment":[{"href":"https:\/\/fincasilla.com\/ca\/wp-json\/wp\/v2\/media?parent=6159"}],"curies":[{"name":"wp","href":"https:\/\/api.w.org\/{rel}","templated":true}]}}