{"id":7016,"date":"2025-08-08T09:45:56","date_gmt":"2025-08-08T07:45:56","guid":{"rendered":"https:\/\/fincasilla.com\/?post_type=product&#038;p=7016"},"modified":"2025-08-09T11:39:55","modified_gmt":"2025-08-09T09:39:55","slug":"nen-adult-extra-2","status":"publish","type":"product","link":"https:\/\/fincasilla.com\/ca\/producto\/halloween-2025-ca\/nen-adult-extra-2\/","title":{"rendered":"NEN\/ADULT EXTRA ( no inclou tenda de campanya)"},"content":{"rendered":"<p>Esdeveniment Halloween, sopar i esmorzar incl\u00f2s<\/p>\n","protected":false},"excerpt":{"rendered":"<p>Esdeveniment Halloween, sopar i esmorzar incl\u00f2s<\/p>\n","protected":false},"featured_media":7053,"template":"","meta":{"inline_featured_image":false,"_joinchat":[]},"product_cat":[881],"product_tag":[],"yoast_head":"<!-- This site is optimized with the Yoast SEO plugin v21.9.1 - https:\/\/yoast.com\/wordpress\/plugins\/seo\/ -->\n<title>NEN\/ADULT EXTRA ( no inclou tenda de campanya) - Finca S&#039;illa<\/title>\n<meta name=\"description\" content=\"Vols passar una nit de Halloween diferent?\ud83c\udf83 Vine a viure una aventura esgarrifament divertida en fam\u00edlia, dormint a l&#039;aire lliure a la nostra Finca!Prepara&#039;t per a un pla inoblidable: natura, jocs, disfresses, barbacoa, dol\u00e7os, i una nit sota les estrelles\u2026 amb molt d&#039;esperit de Halloween!Qu\u00e8 inclou?En arribar, us assignarem la vostra tenda de campanya, encara que si preferiu, podeu portar la vostra botiga i muntar-la a la nostra zona d&#039;acampada.Despr\u00e9s comen\u00e7a la diversi\u00f3: els petits pujaran al nostre peculiar tren per con\u00e8ixer la Finca mentre us instal\u00b7leu.\ud83c\udfad Donarem inici a la gran desfilada de disfresses, aix\u00ed que veniu preparats per impressionar el jurat. \u00c9s imprescindible venir disfressats! Hi haur\u00e0 premis, jocs i, per descomptat, la tradicional hora de TRUC O TRACTE.Perqu\u00e8 tots els nens el puguin gaudir, demanem que cada fam\u00edlia porti llaminadures, dol\u00e7os i xocolatines, juntament amb les seves millors disfresses.\ud83c\udf54 Despr\u00e9s gaudirem d&#039;una rica barbacoa i passarem una vetllada m\u00e0gica al costat del foc. Hi haur\u00e0 visita nocturna als animals amb llanternes, i els adults podran relaxar-se al nostre bar, on els gint\u00f2nics us estaran esperant!\ud83d\udd5b \u00a1Mitjanit! Hora de dormir a les botigues.\ud83c\udf04 Al mat\u00ed, els zombis s&#039;aixequen per esmorzar. I despr\u00e9s d&#039;omplir l&#039;est\u00f3mac, toca compartir: repartirem l&#039;esmorzar als animals de la finca.\ud83d\udd59 10:00 hs \u2013 Recollida i comiat\ud83d\udd5a 11:00 hs \u2013 Sortida de la Finca\ud83d\udc76 Menors de 3 anys no paguen\ud83d\udccc Reserva anticipada obligat\u00f2ria \u2013 Places limitades\ud83c\udfaa Pots fer servir una de les nostres botigues o portar la tevaSi tens una caravana comunica&#039;t al 648 636 150Viu un Halloween diferent i en fam\u00edlia!Reserva ja la teva pla\u00e7a\u2026 si t&#039;hi atreveixes! \ud83d\udc7b\" \/>\n<meta name=\"robots\" content=\"index, follow, max-snippet:-1, max-image-preview:large, max-video-preview:-1\" \/>\n<link rel=\"canonical\" href=\"https:\/\/fincasilla.com\/ca\/producto\/halloween-2025-ca\/nen-adult-extra-2\/\" \/>\n<meta property=\"og:locale\" content=\"ca_ES\" \/>\n<meta property=\"og:type\" content=\"article\" \/>\n<meta property=\"og:title\" content=\"NEN\/ADULT EXTRA ( no inclou tenda de campanya) - Finca S&#039;illa\" \/>\n<meta property=\"og:description\" content=\"Vols passar una nit de Halloween diferent?\ud83c\udf83 Vine a viure una aventura esgarrifament divertida en fam\u00edlia, dormint a l&#039;aire lliure a la nostra Finca!Prepara&#039;t per a un pla inoblidable: natura, jocs, disfresses, barbacoa, dol\u00e7os, i una nit sota les estrelles\u2026 amb molt d&#039;esperit de Halloween!Qu\u00e8 inclou?En arribar, us assignarem la vostra tenda de campanya, encara que si preferiu, podeu portar la vostra botiga i muntar-la a la nostra zona d&#039;acampada.Despr\u00e9s comen\u00e7a la diversi\u00f3: els petits pujaran al nostre peculiar tren per con\u00e8ixer la Finca mentre us instal\u00b7leu.\ud83c\udfad Donarem inici a la gran desfilada de disfresses, aix\u00ed que veniu preparats per impressionar el jurat. \u00c9s imprescindible venir disfressats! Hi haur\u00e0 premis, jocs i, per descomptat, la tradicional hora de TRUC O TRACTE.Perqu\u00e8 tots els nens el puguin gaudir, demanem que cada fam\u00edlia porti llaminadures, dol\u00e7os i xocolatines, juntament amb les seves millors disfresses.\ud83c\udf54 Despr\u00e9s gaudirem d&#039;una rica barbacoa i passarem una vetllada m\u00e0gica al costat del foc. Hi haur\u00e0 visita nocturna als animals amb llanternes, i els adults podran relaxar-se al nostre bar, on els gint\u00f2nics us estaran esperant!\ud83d\udd5b \u00a1Mitjanit! Hora de dormir a les botigues.\ud83c\udf04 Al mat\u00ed, els zombis s&#039;aixequen per esmorzar. I despr\u00e9s d&#039;omplir l&#039;est\u00f3mac, toca compartir: repartirem l&#039;esmorzar als animals de la finca.\ud83d\udd59 10:00 hs \u2013 Recollida i comiat\ud83d\udd5a 11:00 hs \u2013 Sortida de la Finca\ud83d\udc76 Menors de 3 anys no paguen\ud83d\udccc Reserva anticipada obligat\u00f2ria \u2013 Places limitades\ud83c\udfaa Pots fer servir una de les nostres botigues o portar la tevaSi tens una caravana comunica&#039;t al 648 636 150Viu un Halloween diferent i en fam\u00edlia!Reserva ja la teva pla\u00e7a\u2026 si t&#039;hi atreveixes! \ud83d\udc7b\" \/>\n<meta property=\"og:url\" content=\"https:\/\/fincasilla.com\/ca\/producto\/halloween-2025-ca\/nen-adult-extra-2\/\" \/>\n<meta property=\"og:site_name\" content=\"Finca S&#039;illa\" \/>\n<meta property=\"article:publisher\" content=\"https:\/\/www.facebook.com\/hipicamallorca\" \/>\n<meta property=\"article:modified_time\" content=\"2025-08-09T09:39:55+00:00\" \/>\n<meta property=\"og:image\" content=\"https:\/\/fincasilla.com\/wp-content\/uploads\/2024\/12\/Copia-de-Purple-Illustrative-Happy-Halloween-Instagram-Post.png\" \/>\n\t<meta property=\"og:image:width\" content=\"1080\" \/>\n\t<meta property=\"og:image:height\" content=\"1080\" \/>\n\t<meta property=\"og:image:type\" content=\"image\/png\" \/>\n<meta name=\"twitter:card\" content=\"summary_large_image\" \/>\n<meta name=\"twitter:label1\" content=\"Temps estimat de lectura\" \/>\n\t<meta name=\"twitter:data1\" content=\"1 minut\" \/>\n<script type=\"application\/ld+json\" class=\"yoast-schema-graph\">{\"@context\":\"https:\/\/schema.org\",\"@graph\":[{\"@type\":\"WebPage\",\"@id\":\"https:\/\/fincasilla.com\/ca\/producto\/halloween-2025-ca\/nen-adult-extra-2\/\",\"url\":\"https:\/\/fincasilla.com\/ca\/producto\/halloween-2025-ca\/nen-adult-extra-2\/\",\"name\":\"NEN\/ADULT EXTRA ( no inclou tenda de campanya) - Finca S&#039;illa\",\"isPartOf\":{\"@id\":\"https:\/\/fincasilla.com\/#website\"},\"datePublished\":\"2025-08-08T07:45:56+00:00\",\"dateModified\":\"2025-08-09T09:39:55+00:00\",\"description\":\"Vols passar una nit de Halloween diferent?\ud83c\udf83 Vine a viure una aventura esgarrifament divertida en fam\u00edlia, dormint a l'aire lliure a la nostra Finca!Prepara't per a un pla inoblidable: natura, jocs, disfresses, barbacoa, dol\u00e7os, i una nit sota les estrelles\u2026 amb molt d'esperit de Halloween!Qu\u00e8 inclou?En arribar, us assignarem la vostra tenda de campanya, encara que si preferiu, podeu portar la vostra botiga i muntar-la a la nostra zona d'acampada.Despr\u00e9s comen\u00e7a la diversi\u00f3: els petits pujaran al nostre peculiar tren per con\u00e8ixer la Finca mentre us instal\u00b7leu.\ud83c\udfad Donarem inici a la gran desfilada de disfresses, aix\u00ed que veniu preparats per impressionar el jurat. \u00c9s imprescindible venir disfressats! Hi haur\u00e0 premis, jocs i, per descomptat, la tradicional hora de TRUC O TRACTE.Perqu\u00e8 tots els nens el puguin gaudir, demanem que cada fam\u00edlia porti llaminadures, dol\u00e7os i xocolatines, juntament amb les seves millors disfresses.\ud83c\udf54 Despr\u00e9s gaudirem d'una rica barbacoa i passarem una vetllada m\u00e0gica al costat del foc. Hi haur\u00e0 visita nocturna als animals amb llanternes, i els adults podran relaxar-se al nostre bar, on els gint\u00f2nics us estaran esperant!\ud83d\udd5b \u00a1Mitjanit! Hora de dormir a les botigues.\ud83c\udf04 Al mat\u00ed, els zombis s'aixequen per esmorzar. I despr\u00e9s d'omplir l'est\u00f3mac, toca compartir: repartirem l'esmorzar als animals de la finca.\ud83d\udd59 10:00 hs \u2013 Recollida i comiat\ud83d\udd5a 11:00 hs \u2013 Sortida de la Finca\ud83d\udc76 Menors de 3 anys no paguen\ud83d\udccc Reserva anticipada obligat\u00f2ria \u2013 Places limitades\ud83c\udfaa Pots fer servir una de les nostres botigues o portar la tevaSi tens una caravana comunica't al 648 636 150Viu un Halloween diferent i en fam\u00edlia!Reserva ja la teva pla\u00e7a\u2026 si t'hi atreveixes! \ud83d\udc7b\",\"breadcrumb\":{\"@id\":\"https:\/\/fincasilla.com\/ca\/producto\/halloween-2025-ca\/nen-adult-extra-2\/#breadcrumb\"},\"inLanguage\":\"ca\",\"potentialAction\":[{\"@type\":\"ReadAction\",\"target\":[\"https:\/\/fincasilla.com\/ca\/producto\/halloween-2025-ca\/nen-adult-extra-2\/\"]}]},{\"@type\":\"BreadcrumbList\",\"@id\":\"https:\/\/fincasilla.com\/ca\/producto\/halloween-2025-ca\/nen-adult-extra-2\/#breadcrumb\",\"itemListElement\":[{\"@type\":\"ListItem\",\"position\":1,\"name\":\"Portada\",\"item\":\"https:\/\/fincasilla.com\/ca\/\"},{\"@type\":\"ListItem\",\"position\":2,\"name\":\"Tienda\",\"item\":\"https:\/\/fincasilla.com\/tienda\/\"},{\"@type\":\"ListItem\",\"position\":3,\"name\":\"NEN\/ADULT EXTRA ( no inclou tenda de campanya)\"}]},{\"@type\":\"WebSite\",\"@id\":\"https:\/\/fincasilla.com\/#website\",\"url\":\"https:\/\/fincasilla.com\/\",\"name\":\"Finca S&#039;illa\",\"description\":\"\",\"publisher\":{\"@id\":\"https:\/\/fincasilla.com\/#organization\"},\"potentialAction\":[{\"@type\":\"SearchAction\",\"target\":{\"@type\":\"EntryPoint\",\"urlTemplate\":\"https:\/\/fincasilla.com\/?s={search_term_string}\"},\"query-input\":\"required name=search_term_string\"}],\"inLanguage\":\"ca\"},{\"@type\":\"Organization\",\"@id\":\"https:\/\/fincasilla.com\/#organization\",\"name\":\"Granja Escuela Finca S\u00b4illa para ni\u00f1os en Palma de Mallorca\",\"url\":\"https:\/\/fincasilla.com\/\",\"logo\":{\"@type\":\"ImageObject\",\"inLanguage\":\"ca\",\"@id\":\"https:\/\/fincasilla.com\/#\/schema\/logo\/image\/\",\"url\":\"http:\/\/fincasilla.com\/wp-content\/uploads\/2021\/11\/cropped-Logo_Hipica_Mallorca_Finca_Silla_Favicom.png\",\"contentUrl\":\"http:\/\/fincasilla.com\/wp-content\/uploads\/2021\/11\/cropped-Logo_Hipica_Mallorca_Finca_Silla_Favicom.png\",\"width\":512,\"height\":512,\"caption\":\"Granja Escuela Finca S\u00b4illa para ni\u00f1os en Palma de Mallorca\"},\"image\":{\"@id\":\"https:\/\/fincasilla.com\/#\/schema\/logo\/image\/\"},\"sameAs\":[\"https:\/\/www.facebook.com\/hipicamallorca\",\"https:\/\/instagram.com\/hipicamallorca\"]}]}<\/script>\n<!-- \/ Yoast SEO plugin. -->","yoast_head_json":{"title":"NEN\/ADULT EXTRA ( no inclou tenda de campanya) - Finca S&#039;illa","description":"Vols passar una nit de Halloween diferent?\ud83c\udf83 Vine a viure una aventura esgarrifament divertida en fam\u00edlia, dormint a l'aire lliure a la nostra Finca!Prepara't per a un pla inoblidable: natura, jocs, disfresses, barbacoa, dol\u00e7os, i una nit sota les estrelles\u2026 amb molt d'esperit de Halloween!Qu\u00e8 inclou?En arribar, us assignarem la vostra tenda de campanya, encara que si preferiu, podeu portar la vostra botiga i muntar-la a la nostra zona d'acampada.Despr\u00e9s comen\u00e7a la diversi\u00f3: els petits pujaran al nostre peculiar tren per con\u00e8ixer la Finca mentre us instal\u00b7leu.\ud83c\udfad Donarem inici a la gran desfilada de disfresses, aix\u00ed que veniu preparats per impressionar el jurat. \u00c9s imprescindible venir disfressats! Hi haur\u00e0 premis, jocs i, per descomptat, la tradicional hora de TRUC O TRACTE.Perqu\u00e8 tots els nens el puguin gaudir, demanem que cada fam\u00edlia porti llaminadures, dol\u00e7os i xocolatines, juntament amb les seves millors disfresses.\ud83c\udf54 Despr\u00e9s gaudirem d'una rica barbacoa i passarem una vetllada m\u00e0gica al costat del foc. Hi haur\u00e0 visita nocturna als animals amb llanternes, i els adults podran relaxar-se al nostre bar, on els gint\u00f2nics us estaran esperant!\ud83d\udd5b \u00a1Mitjanit! Hora de dormir a les botigues.\ud83c\udf04 Al mat\u00ed, els zombis s'aixequen per esmorzar. I despr\u00e9s d'omplir l'est\u00f3mac, toca compartir: repartirem l'esmorzar als animals de la finca.\ud83d\udd59 10:00 hs \u2013 Recollida i comiat\ud83d\udd5a 11:00 hs \u2013 Sortida de la Finca\ud83d\udc76 Menors de 3 anys no paguen\ud83d\udccc Reserva anticipada obligat\u00f2ria \u2013 Places limitades\ud83c\udfaa Pots fer servir una de les nostres botigues o portar la tevaSi tens una caravana comunica't al 648 636 150Viu un Halloween diferent i en fam\u00edlia!Reserva ja la teva pla\u00e7a\u2026 si t'hi atreveixes! \ud83d\udc7b","robots":{"index":"index","follow":"follow","max-snippet":"max-snippet:-1","max-image-preview":"max-image-preview:large","max-video-preview":"max-video-preview:-1"},"canonical":"https:\/\/fincasilla.com\/ca\/producto\/halloween-2025-ca\/nen-adult-extra-2\/","og_locale":"ca_ES","og_type":"article","og_title":"NEN\/ADULT EXTRA ( no inclou tenda de campanya) - Finca S&#039;illa","og_description":"Vols passar una nit de Halloween diferent?\ud83c\udf83 Vine a viure una aventura esgarrifament divertida en fam\u00edlia, dormint a l'aire lliure a la nostra Finca!Prepara't per a un pla inoblidable: natura, jocs, disfresses, barbacoa, dol\u00e7os, i una nit sota les estrelles\u2026 amb molt d'esperit de Halloween!Qu\u00e8 inclou?En arribar, us assignarem la vostra tenda de campanya, encara que si preferiu, podeu portar la vostra botiga i muntar-la a la nostra zona d'acampada.Despr\u00e9s comen\u00e7a la diversi\u00f3: els petits pujaran al nostre peculiar tren per con\u00e8ixer la Finca mentre us instal\u00b7leu.\ud83c\udfad Donarem inici a la gran desfilada de disfresses, aix\u00ed que veniu preparats per impressionar el jurat. \u00c9s imprescindible venir disfressats! Hi haur\u00e0 premis, jocs i, per descomptat, la tradicional hora de TRUC O TRACTE.Perqu\u00e8 tots els nens el puguin gaudir, demanem que cada fam\u00edlia porti llaminadures, dol\u00e7os i xocolatines, juntament amb les seves millors disfresses.\ud83c\udf54 Despr\u00e9s gaudirem d'una rica barbacoa i passarem una vetllada m\u00e0gica al costat del foc. Hi haur\u00e0 visita nocturna als animals amb llanternes, i els adults podran relaxar-se al nostre bar, on els gint\u00f2nics us estaran esperant!\ud83d\udd5b \u00a1Mitjanit! Hora de dormir a les botigues.\ud83c\udf04 Al mat\u00ed, els zombis s'aixequen per esmorzar. I despr\u00e9s d'omplir l'est\u00f3mac, toca compartir: repartirem l'esmorzar als animals de la finca.\ud83d\udd59 10:00 hs \u2013 Recollida i comiat\ud83d\udd5a 11:00 hs \u2013 Sortida de la Finca\ud83d\udc76 Menors de 3 anys no paguen\ud83d\udccc Reserva anticipada obligat\u00f2ria \u2013 Places limitades\ud83c\udfaa Pots fer servir una de les nostres botigues o portar la tevaSi tens una caravana comunica't al 648 636 150Viu un Halloween diferent i en fam\u00edlia!Reserva ja la teva pla\u00e7a\u2026 si t'hi atreveixes! \ud83d\udc7b","og_url":"https:\/\/fincasilla.com\/ca\/producto\/halloween-2025-ca\/nen-adult-extra-2\/","og_site_name":"Finca S&#039;illa","article_publisher":"https:\/\/www.facebook.com\/hipicamallorca","article_modified_time":"2025-08-09T09:39:55+00:00","og_image":[{"width":1080,"height":1080,"url":"https:\/\/fincasilla.com\/wp-content\/uploads\/2024\/12\/Copia-de-Purple-Illustrative-Happy-Halloween-Instagram-Post.png","type":"image\/png"}],"twitter_card":"summary_large_image","twitter_misc":{"Temps estimat de lectura":"1 minut"},"schema":{"@context":"https:\/\/schema.org","@graph":[{"@type":"WebPage","@id":"https:\/\/fincasilla.com\/ca\/producto\/halloween-2025-ca\/nen-adult-extra-2\/","url":"https:\/\/fincasilla.com\/ca\/producto\/halloween-2025-ca\/nen-adult-extra-2\/","name":"NEN\/ADULT EXTRA ( no inclou tenda de campanya) - Finca S&#039;illa","isPartOf":{"@id":"https:\/\/fincasilla.com\/#website"},"datePublished":"2025-08-08T07:45:56+00:00","dateModified":"2025-08-09T09:39:55+00:00","description":"Vols passar una nit de Halloween diferent?\ud83c\udf83 Vine a viure una aventura esgarrifament divertida en fam\u00edlia, dormint a l'aire lliure a la nostra Finca!Prepara't per a un pla inoblidable: natura, jocs, disfresses, barbacoa, dol\u00e7os, i una nit sota les estrelles\u2026 amb molt d'esperit de Halloween!Qu\u00e8 inclou?En arribar, us assignarem la vostra tenda de campanya, encara que si preferiu, podeu portar la vostra botiga i muntar-la a la nostra zona d'acampada.Despr\u00e9s comen\u00e7a la diversi\u00f3: els petits pujaran al nostre peculiar tren per con\u00e8ixer la Finca mentre us instal\u00b7leu.\ud83c\udfad Donarem inici a la gran desfilada de disfresses, aix\u00ed que veniu preparats per impressionar el jurat. \u00c9s imprescindible venir disfressats! Hi haur\u00e0 premis, jocs i, per descomptat, la tradicional hora de TRUC O TRACTE.Perqu\u00e8 tots els nens el puguin gaudir, demanem que cada fam\u00edlia porti llaminadures, dol\u00e7os i xocolatines, juntament amb les seves millors disfresses.\ud83c\udf54 Despr\u00e9s gaudirem d'una rica barbacoa i passarem una vetllada m\u00e0gica al costat del foc. Hi haur\u00e0 visita nocturna als animals amb llanternes, i els adults podran relaxar-se al nostre bar, on els gint\u00f2nics us estaran esperant!\ud83d\udd5b \u00a1Mitjanit! Hora de dormir a les botigues.\ud83c\udf04 Al mat\u00ed, els zombis s'aixequen per esmorzar. I despr\u00e9s d'omplir l'est\u00f3mac, toca compartir: repartirem l'esmorzar als animals de la finca.\ud83d\udd59 10:00 hs \u2013 Recollida i comiat\ud83d\udd5a 11:00 hs \u2013 Sortida de la Finca\ud83d\udc76 Menors de 3 anys no paguen\ud83d\udccc Reserva anticipada obligat\u00f2ria \u2013 Places limitades\ud83c\udfaa Pots fer servir una de les nostres botigues o portar la tevaSi tens una caravana comunica't al 648 636 150Viu un Halloween diferent i en fam\u00edlia!Reserva ja la teva pla\u00e7a\u2026 si t'hi atreveixes! \ud83d\udc7b","breadcrumb":{"@id":"https:\/\/fincasilla.com\/ca\/producto\/halloween-2025-ca\/nen-adult-extra-2\/#breadcrumb"},"inLanguage":"ca","potentialAction":[{"@type":"ReadAction","target":["https:\/\/fincasilla.com\/ca\/producto\/halloween-2025-ca\/nen-adult-extra-2\/"]}]},{"@type":"BreadcrumbList","@id":"https:\/\/fincasilla.com\/ca\/producto\/halloween-2025-ca\/nen-adult-extra-2\/#breadcrumb","itemListElement":[{"@type":"ListItem","position":1,"name":"Portada","item":"https:\/\/fincasilla.com\/ca\/"},{"@type":"ListItem","position":2,"name":"Tienda","item":"https:\/\/fincasilla.com\/tienda\/"},{"@type":"ListItem","position":3,"name":"NEN\/ADULT EXTRA ( no inclou tenda de campanya)"}]},{"@type":"WebSite","@id":"https:\/\/fincasilla.com\/#website","url":"https:\/\/fincasilla.com\/","name":"Finca S&#039;illa","description":"","publisher":{"@id":"https:\/\/fincasilla.com\/#organization"},"potentialAction":[{"@type":"SearchAction","target":{"@type":"EntryPoint","urlTemplate":"https:\/\/fincasilla.com\/?s={search_term_string}"},"query-input":"required name=search_term_string"}],"inLanguage":"ca"},{"@type":"Organization","@id":"https:\/\/fincasilla.com\/#organization","name":"Granja Escuela Finca S\u00b4illa para ni\u00f1os en Palma de Mallorca","url":"https:\/\/fincasilla.com\/","logo":{"@type":"ImageObject","inLanguage":"ca","@id":"https:\/\/fincasilla.com\/#\/schema\/logo\/image\/","url":"http:\/\/fincasilla.com\/wp-content\/uploads\/2021\/11\/cropped-Logo_Hipica_Mallorca_Finca_Silla_Favicom.png","contentUrl":"http:\/\/fincasilla.com\/wp-content\/uploads\/2021\/11\/cropped-Logo_Hipica_Mallorca_Finca_Silla_Favicom.png","width":512,"height":512,"caption":"Granja Escuela Finca S\u00b4illa para ni\u00f1os en Palma de Mallorca"},"image":{"@id":"https:\/\/fincasilla.com\/#\/schema\/logo\/image\/"},"sameAs":["https:\/\/www.facebook.com\/hipicamallorca","https:\/\/instagram.com\/hipicamallorca"]}]}},"_links":{"self":[{"href":"https:\/\/fincasilla.com\/ca\/wp-json\/wp\/v2\/product\/7016"}],"collection":[{"href":"https:\/\/fincasilla.com\/ca\/wp-json\/wp\/v2\/product"}],"about":[{"href":"https:\/\/fincasilla.com\/ca\/wp-json\/wp\/v2\/types\/product"}],"wp:featuredmedia":[{"embeddable":true,"href":"https:\/\/fincasilla.com\/ca\/wp-json\/wp\/v2\/media\/7053"}],"wp:attachment":[{"href":"https:\/\/fincasilla.com\/ca\/wp-json\/wp\/v2\/media?parent=7016"}],"wp:term":[{"taxonomy":"product_cat","embeddable":true,"href":"https:\/\/fincasilla.com\/ca\/wp-json\/wp\/v2\/product_cat?post=7016"},{"taxonomy":"product_tag","embeddable":true,"href":"https:\/\/fincasilla.com\/ca\/wp-json\/wp\/v2\/product_tag?post=7016"}],"curies":[{"name":"wp","href":"https:\/\/api.w.org\/{rel}","templated":true}]}}