{"id":7029,"date":"2025-08-08T12:47:16","date_gmt":"2025-08-08T10:47:16","guid":{"rendered":"https:\/\/fincasilla.com\/?post_type=product&#038;p=7029"},"modified":"2025-08-09T11:39:42","modified_gmt":"2025-08-09T09:39:42","slug":"grup-fins-a-3-persones-amb-tenda-de-campanya-inclosa-2","status":"publish","type":"product","link":"https:\/\/fincasilla.com\/ca\/producto\/halloween-2025-ca\/grup-fins-a-3-persones-amb-tenda-de-campanya-inclosa-2\/","title":{"rendered":"GRUP FINS A 3 PERSONES &#8211; AMB TENDA DE CAMPANYA INCLOSA"},"content":{"rendered":"","protected":false},"excerpt":{"rendered":"","protected":false},"featured_media":7053,"template":"","meta":{"inline_featured_image":false,"_joinchat":[]},"product_cat":[881],"product_tag":[],"yoast_head":"<!-- This site is optimized with the Yoast SEO plugin v21.9.1 - https:\/\/yoast.com\/wordpress\/plugins\/seo\/ -->\n<title>GRUP FINS A 3 PERSONES - AMB TENDA DE CAMPANYA INCLOSA - Finca S&#039;illa<\/title>\n<meta name=\"description\" content=\"Tras el \u00e9xito de los Campus del a\u00f1o pasado, este a\u00f1o tambi\u00e9n tendremos Campus, donde ofrecemos todo un mundo de experiencias en plena naturaleza. Una propuesta id\u00f3nea para disfrutar unos d\u00edas diferentes, acerc\u00e1ndonos a la naturaleza, al mundo rural y a la Educaci\u00f3n ambiental. En todas las actividades pondr\u00e1n en pr\u00e1ctica la convivencia, la participaci\u00f3n y la cooperaci\u00f3n con los compa\u00f1eros\/as, reforzando la autonom\u00eda, responsabilidad, aspectos cognitivos, motores, afectivos y sociales.Conocer\u00e1n y cuidar\u00e1n a los animales de la granja, entre otras actividades.\" \/>\n<meta name=\"robots\" content=\"index, follow, max-snippet:-1, max-image-preview:large, max-video-preview:-1\" \/>\n<link rel=\"canonical\" href=\"https:\/\/fincasilla.com\/ca\/producto\/halloween-2025-ca\/grup-fins-a-3-persones-amb-tenda-de-campanya-inclosa-2\/\" \/>\n<meta property=\"og:locale\" content=\"ca_ES\" \/>\n<meta property=\"og:type\" content=\"article\" \/>\n<meta property=\"og:title\" content=\"GRUP FINS A 3 PERSONES - AMB TENDA DE CAMPANYA INCLOSA - Finca S&#039;illa\" \/>\n<meta property=\"og:description\" content=\"Tras el \u00e9xito de los Campus del a\u00f1o pasado, este a\u00f1o tambi\u00e9n tendremos Campus, donde ofrecemos todo un mundo de experiencias en plena naturaleza. Una propuesta id\u00f3nea para disfrutar unos d\u00edas diferentes, acerc\u00e1ndonos a la naturaleza, al mundo rural y a la Educaci\u00f3n ambiental. En todas las actividades pondr\u00e1n en pr\u00e1ctica la convivencia, la participaci\u00f3n y la cooperaci\u00f3n con los compa\u00f1eros\/as, reforzando la autonom\u00eda, responsabilidad, aspectos cognitivos, motores, afectivos y sociales.Conocer\u00e1n y cuidar\u00e1n a los animales de la granja, entre otras actividades.\" \/>\n<meta property=\"og:url\" content=\"https:\/\/fincasilla.com\/ca\/producto\/halloween-2025-ca\/grup-fins-a-3-persones-amb-tenda-de-campanya-inclosa-2\/\" \/>\n<meta property=\"og:site_name\" content=\"Finca S&#039;illa\" \/>\n<meta property=\"article:publisher\" content=\"https:\/\/www.facebook.com\/hipicamallorca\" \/>\n<meta property=\"article:modified_time\" content=\"2025-08-09T09:39:42+00:00\" \/>\n<meta name=\"twitter:card\" content=\"summary_large_image\" \/>\n<meta name=\"twitter:label1\" content=\"Temps estimat de lectura\" \/>\n\t<meta name=\"twitter:data1\" content=\"1 minut\" \/>\n<script type=\"application\/ld+json\" class=\"yoast-schema-graph\">{\"@context\":\"https:\/\/schema.org\",\"@graph\":[{\"@type\":\"WebPage\",\"@id\":\"https:\/\/fincasilla.com\/ca\/producto\/halloween-2025-ca\/grup-fins-a-3-persones-amb-tenda-de-campanya-inclosa-2\/\",\"url\":\"https:\/\/fincasilla.com\/ca\/producto\/halloween-2025-ca\/grup-fins-a-3-persones-amb-tenda-de-campanya-inclosa-2\/\",\"name\":\"GRUP FINS A 3 PERSONES - AMB TENDA DE CAMPANYA INCLOSA - Finca S&#039;illa\",\"isPartOf\":{\"@id\":\"https:\/\/fincasilla.com\/#website\"},\"datePublished\":\"2025-08-08T10:47:16+00:00\",\"dateModified\":\"2025-08-09T09:39:42+00:00\",\"description\":\"Tras el \u00e9xito de los Campus del a\u00f1o pasado, este a\u00f1o tambi\u00e9n tendremos Campus, donde ofrecemos todo un mundo de experiencias en plena naturaleza. Una propuesta id\u00f3nea para disfrutar unos d\u00edas diferentes, acerc\u00e1ndonos a la naturaleza, al mundo rural y a la Educaci\u00f3n ambiental. En todas las actividades pondr\u00e1n en pr\u00e1ctica la convivencia, la participaci\u00f3n y la cooperaci\u00f3n con los compa\u00f1eros\/as, reforzando la autonom\u00eda, responsabilidad, aspectos cognitivos, motores, afectivos y sociales.Conocer\u00e1n y cuidar\u00e1n a los animales de la granja, entre otras actividades.\",\"breadcrumb\":{\"@id\":\"https:\/\/fincasilla.com\/ca\/producto\/halloween-2025-ca\/grup-fins-a-3-persones-amb-tenda-de-campanya-inclosa-2\/#breadcrumb\"},\"inLanguage\":\"ca\",\"potentialAction\":[{\"@type\":\"ReadAction\",\"target\":[\"https:\/\/fincasilla.com\/ca\/producto\/halloween-2025-ca\/grup-fins-a-3-persones-amb-tenda-de-campanya-inclosa-2\/\"]}]},{\"@type\":\"BreadcrumbList\",\"@id\":\"https:\/\/fincasilla.com\/ca\/producto\/halloween-2025-ca\/grup-fins-a-3-persones-amb-tenda-de-campanya-inclosa-2\/#breadcrumb\",\"itemListElement\":[{\"@type\":\"ListItem\",\"position\":1,\"name\":\"Portada\",\"item\":\"https:\/\/fincasilla.com\/ca\/\"},{\"@type\":\"ListItem\",\"position\":2,\"name\":\"Tienda\",\"item\":\"https:\/\/fincasilla.com\/tienda\/\"},{\"@type\":\"ListItem\",\"position\":3,\"name\":\"GRUP FINS A 3 PERSONES &#8211; AMB TENDA DE CAMPANYA INCLOSA\"}]},{\"@type\":\"WebSite\",\"@id\":\"https:\/\/fincasilla.com\/#website\",\"url\":\"https:\/\/fincasilla.com\/\",\"name\":\"Finca S&#039;illa\",\"description\":\"\",\"publisher\":{\"@id\":\"https:\/\/fincasilla.com\/#organization\"},\"potentialAction\":[{\"@type\":\"SearchAction\",\"target\":{\"@type\":\"EntryPoint\",\"urlTemplate\":\"https:\/\/fincasilla.com\/?s={search_term_string}\"},\"query-input\":\"required name=search_term_string\"}],\"inLanguage\":\"ca\"},{\"@type\":\"Organization\",\"@id\":\"https:\/\/fincasilla.com\/#organization\",\"name\":\"Granja Escuela Finca S\u00b4illa para ni\u00f1os en Palma de Mallorca\",\"url\":\"https:\/\/fincasilla.com\/\",\"logo\":{\"@type\":\"ImageObject\",\"inLanguage\":\"ca\",\"@id\":\"https:\/\/fincasilla.com\/#\/schema\/logo\/image\/\",\"url\":\"http:\/\/fincasilla.com\/wp-content\/uploads\/2021\/11\/cropped-Logo_Hipica_Mallorca_Finca_Silla_Favicom.png\",\"contentUrl\":\"http:\/\/fincasilla.com\/wp-content\/uploads\/2021\/11\/cropped-Logo_Hipica_Mallorca_Finca_Silla_Favicom.png\",\"width\":512,\"height\":512,\"caption\":\"Granja Escuela Finca S\u00b4illa para ni\u00f1os en Palma de Mallorca\"},\"image\":{\"@id\":\"https:\/\/fincasilla.com\/#\/schema\/logo\/image\/\"},\"sameAs\":[\"https:\/\/www.facebook.com\/hipicamallorca\",\"https:\/\/instagram.com\/hipicamallorca\"]}]}<\/script>\n<!-- \/ Yoast SEO plugin. -->","yoast_head_json":{"title":"GRUP FINS A 3 PERSONES - AMB TENDA DE CAMPANYA INCLOSA - Finca S&#039;illa","description":"Tras el \u00e9xito de los Campus del a\u00f1o pasado, este a\u00f1o tambi\u00e9n tendremos Campus, donde ofrecemos todo un mundo de experiencias en plena naturaleza. Una propuesta id\u00f3nea para disfrutar unos d\u00edas diferentes, acerc\u00e1ndonos a la naturaleza, al mundo rural y a la Educaci\u00f3n ambiental. En todas las actividades pondr\u00e1n en pr\u00e1ctica la convivencia, la participaci\u00f3n y la cooperaci\u00f3n con los compa\u00f1eros\/as, reforzando la autonom\u00eda, responsabilidad, aspectos cognitivos, motores, afectivos y sociales.Conocer\u00e1n y cuidar\u00e1n a los animales de la granja, entre otras actividades.","robots":{"index":"index","follow":"follow","max-snippet":"max-snippet:-1","max-image-preview":"max-image-preview:large","max-video-preview":"max-video-preview:-1"},"canonical":"https:\/\/fincasilla.com\/ca\/producto\/halloween-2025-ca\/grup-fins-a-3-persones-amb-tenda-de-campanya-inclosa-2\/","og_locale":"ca_ES","og_type":"article","og_title":"GRUP FINS A 3 PERSONES - AMB TENDA DE CAMPANYA INCLOSA - Finca S&#039;illa","og_description":"Tras el \u00e9xito de los Campus del a\u00f1o pasado, este a\u00f1o tambi\u00e9n tendremos Campus, donde ofrecemos todo un mundo de experiencias en plena naturaleza. Una propuesta id\u00f3nea para disfrutar unos d\u00edas diferentes, acerc\u00e1ndonos a la naturaleza, al mundo rural y a la Educaci\u00f3n ambiental. En todas las actividades pondr\u00e1n en pr\u00e1ctica la convivencia, la participaci\u00f3n y la cooperaci\u00f3n con los compa\u00f1eros\/as, reforzando la autonom\u00eda, responsabilidad, aspectos cognitivos, motores, afectivos y sociales.Conocer\u00e1n y cuidar\u00e1n a los animales de la granja, entre otras actividades.","og_url":"https:\/\/fincasilla.com\/ca\/producto\/halloween-2025-ca\/grup-fins-a-3-persones-amb-tenda-de-campanya-inclosa-2\/","og_site_name":"Finca S&#039;illa","article_publisher":"https:\/\/www.facebook.com\/hipicamallorca","article_modified_time":"2025-08-09T09:39:42+00:00","twitter_card":"summary_large_image","twitter_misc":{"Temps estimat de lectura":"1 minut"},"schema":{"@context":"https:\/\/schema.org","@graph":[{"@type":"WebPage","@id":"https:\/\/fincasilla.com\/ca\/producto\/halloween-2025-ca\/grup-fins-a-3-persones-amb-tenda-de-campanya-inclosa-2\/","url":"https:\/\/fincasilla.com\/ca\/producto\/halloween-2025-ca\/grup-fins-a-3-persones-amb-tenda-de-campanya-inclosa-2\/","name":"GRUP FINS A 3 PERSONES - AMB TENDA DE CAMPANYA INCLOSA - Finca S&#039;illa","isPartOf":{"@id":"https:\/\/fincasilla.com\/#website"},"datePublished":"2025-08-08T10:47:16+00:00","dateModified":"2025-08-09T09:39:42+00:00","description":"Tras el \u00e9xito de los Campus del a\u00f1o pasado, este a\u00f1o tambi\u00e9n tendremos Campus, donde ofrecemos todo un mundo de experiencias en plena naturaleza. Una propuesta id\u00f3nea para disfrutar unos d\u00edas diferentes, acerc\u00e1ndonos a la naturaleza, al mundo rural y a la Educaci\u00f3n ambiental. En todas las actividades pondr\u00e1n en pr\u00e1ctica la convivencia, la participaci\u00f3n y la cooperaci\u00f3n con los compa\u00f1eros\/as, reforzando la autonom\u00eda, responsabilidad, aspectos cognitivos, motores, afectivos y sociales.Conocer\u00e1n y cuidar\u00e1n a los animales de la granja, entre otras actividades.","breadcrumb":{"@id":"https:\/\/fincasilla.com\/ca\/producto\/halloween-2025-ca\/grup-fins-a-3-persones-amb-tenda-de-campanya-inclosa-2\/#breadcrumb"},"inLanguage":"ca","potentialAction":[{"@type":"ReadAction","target":["https:\/\/fincasilla.com\/ca\/producto\/halloween-2025-ca\/grup-fins-a-3-persones-amb-tenda-de-campanya-inclosa-2\/"]}]},{"@type":"BreadcrumbList","@id":"https:\/\/fincasilla.com\/ca\/producto\/halloween-2025-ca\/grup-fins-a-3-persones-amb-tenda-de-campanya-inclosa-2\/#breadcrumb","itemListElement":[{"@type":"ListItem","position":1,"name":"Portada","item":"https:\/\/fincasilla.com\/ca\/"},{"@type":"ListItem","position":2,"name":"Tienda","item":"https:\/\/fincasilla.com\/tienda\/"},{"@type":"ListItem","position":3,"name":"GRUP FINS A 3 PERSONES &#8211; AMB TENDA DE CAMPANYA INCLOSA"}]},{"@type":"WebSite","@id":"https:\/\/fincasilla.com\/#website","url":"https:\/\/fincasilla.com\/","name":"Finca S&#039;illa","description":"","publisher":{"@id":"https:\/\/fincasilla.com\/#organization"},"potentialAction":[{"@type":"SearchAction","target":{"@type":"EntryPoint","urlTemplate":"https:\/\/fincasilla.com\/?s={search_term_string}"},"query-input":"required name=search_term_string"}],"inLanguage":"ca"},{"@type":"Organization","@id":"https:\/\/fincasilla.com\/#organization","name":"Granja Escuela Finca S\u00b4illa para ni\u00f1os en Palma de Mallorca","url":"https:\/\/fincasilla.com\/","logo":{"@type":"ImageObject","inLanguage":"ca","@id":"https:\/\/fincasilla.com\/#\/schema\/logo\/image\/","url":"http:\/\/fincasilla.com\/wp-content\/uploads\/2021\/11\/cropped-Logo_Hipica_Mallorca_Finca_Silla_Favicom.png","contentUrl":"http:\/\/fincasilla.com\/wp-content\/uploads\/2021\/11\/cropped-Logo_Hipica_Mallorca_Finca_Silla_Favicom.png","width":512,"height":512,"caption":"Granja Escuela Finca S\u00b4illa para ni\u00f1os en Palma de Mallorca"},"image":{"@id":"https:\/\/fincasilla.com\/#\/schema\/logo\/image\/"},"sameAs":["https:\/\/www.facebook.com\/hipicamallorca","https:\/\/instagram.com\/hipicamallorca"]}]}},"_links":{"self":[{"href":"https:\/\/fincasilla.com\/ca\/wp-json\/wp\/v2\/product\/7029"}],"collection":[{"href":"https:\/\/fincasilla.com\/ca\/wp-json\/wp\/v2\/product"}],"about":[{"href":"https:\/\/fincasilla.com\/ca\/wp-json\/wp\/v2\/types\/product"}],"wp:featuredmedia":[{"embeddable":true,"href":"https:\/\/fincasilla.com\/ca\/wp-json\/wp\/v2\/media\/7053"}],"wp:attachment":[{"href":"https:\/\/fincasilla.com\/ca\/wp-json\/wp\/v2\/media?parent=7029"}],"wp:term":[{"taxonomy":"product_cat","embeddable":true,"href":"https:\/\/fincasilla.com\/ca\/wp-json\/wp\/v2\/product_cat?post=7029"},{"taxonomy":"product_tag","embeddable":true,"href":"https:\/\/fincasilla.com\/ca\/wp-json\/wp\/v2\/product_tag?post=7029"}],"curies":[{"name":"wp","href":"https:\/\/api.w.org\/{rel}","templated":true}]}}