{"id":7504,"date":"2026-03-03T10:31:19","date_gmt":"2026-03-03T08:31:19","guid":{"rendered":"https:\/\/fincasilla.com\/?post_type=product&#038;p=7504"},"modified":"2026-03-03T10:32:57","modified_gmt":"2026-03-03T08:32:57","slug":"esdeveniment-10-05-26-nens-berenar-inclos","status":"publish","type":"product","link":"https:\/\/fincasilla.com\/ca\/producto\/espanol-ca\/esdeveniment-10-05-26-nens-berenar-inclos\/","title":{"rendered":"ESDEVENIMENT 10\/05\/26 &#8211; NENS &#8211; (berenar incl\u00f2s)"},"content":{"rendered":"","protected":false},"excerpt":{"rendered":"<p>Esdeveniment<\/p>\n<p>Inclou: Visita guiada a la granja, berenar i castell inflable.<\/p>\n<p>&nbsp;<\/p>\n<p>&nbsp;<\/p>\n","protected":false},"featured_media":6019,"template":"","meta":{"inline_featured_image":false,"_joinchat":[]},"product_cat":[387,388],"product_tag":[],"yoast_head":"<!-- This site is optimized with the Yoast SEO plugin v21.9.1 - https:\/\/yoast.com\/wordpress\/plugins\/seo\/ -->\n<title>ESDEVENIMENT 10\/05\/26 - NENS - (berenar incl\u00f2s) - Finca S&#039;illa<\/title>\n<meta name=\"description\" content=\"El domingo 29 de septiembre, ven a merendar a la Granja y a conocer a los nuevos integrantes de la familia\u2026.Conoceremos todos los animales que viven en la granja, los alimentaremos. Vuestro monitor\/a os explicar\u00e1 c\u00f3mo viven en la granja, c\u00f3mo se alimentan, qu\u00e9 producen\u2026 pod\u00e9is traer comida de casa (pan duro, ma\u00edz, fruta y verduras...) para darles, \u00a1les encanta! Cada ni\u00f1o pondr\u00e1 escoger un nombre a los 3 cerditos y a la ovejita, que luego sortearemos \u00bfQu\u00e9 nombres ganar\u00e1? Merend\u00e1remos chocolatada con bizcocho casero (merienda incluida solo para los peques), los adultos podr\u00e1n traer lo que gusten. Y por \u00faltimo paseo en tren por la granja\" \/>\n<meta name=\"robots\" content=\"index, follow, max-snippet:-1, max-image-preview:large, max-video-preview:-1\" \/>\n<link rel=\"canonical\" href=\"https:\/\/fincasilla.com\/ca\/producto\/espanol-ca\/esdeveniment-10-05-26-nens-berenar-inclos\/\" \/>\n<meta property=\"og:locale\" content=\"ca_ES\" \/>\n<meta property=\"og:type\" content=\"article\" \/>\n<meta property=\"og:title\" content=\"ESDEVENIMENT 10\/05\/26 - NENS - (berenar incl\u00f2s) - Finca S&#039;illa\" \/>\n<meta property=\"og:description\" content=\"El domingo 29 de septiembre, ven a merendar a la Granja y a conocer a los nuevos integrantes de la familia\u2026.Conoceremos todos los animales que viven en la granja, los alimentaremos. Vuestro monitor\/a os explicar\u00e1 c\u00f3mo viven en la granja, c\u00f3mo se alimentan, qu\u00e9 producen\u2026 pod\u00e9is traer comida de casa (pan duro, ma\u00edz, fruta y verduras...) para darles, \u00a1les encanta! Cada ni\u00f1o pondr\u00e1 escoger un nombre a los 3 cerditos y a la ovejita, que luego sortearemos \u00bfQu\u00e9 nombres ganar\u00e1? Merend\u00e1remos chocolatada con bizcocho casero (merienda incluida solo para los peques), los adultos podr\u00e1n traer lo que gusten. Y por \u00faltimo paseo en tren por la granja\" \/>\n<meta property=\"og:url\" content=\"https:\/\/fincasilla.com\/ca\/producto\/espanol-ca\/esdeveniment-10-05-26-nens-berenar-inclos\/\" \/>\n<meta property=\"og:site_name\" content=\"Finca S&#039;illa\" \/>\n<meta property=\"article:publisher\" content=\"https:\/\/www.facebook.com\/hipicamallorca\" \/>\n<meta property=\"article:modified_time\" content=\"2026-03-03T08:32:57+00:00\" \/>\n<meta property=\"og:image\" content=\"https:\/\/fincasilla.com\/wp-content\/uploads\/2024\/01\/Post-de-Instagram-Agencia-de-Viajes-Moderno-Profesional-Verde-2.png\" \/>\n\t<meta property=\"og:image:width\" content=\"1080\" \/>\n\t<meta property=\"og:image:height\" content=\"1080\" \/>\n\t<meta property=\"og:image:type\" content=\"image\/png\" \/>\n<meta name=\"twitter:card\" content=\"summary_large_image\" \/>\n<meta name=\"twitter:label1\" content=\"Temps estimat de lectura\" \/>\n\t<meta name=\"twitter:data1\" content=\"1 minut\" \/>\n<script type=\"application\/ld+json\" class=\"yoast-schema-graph\">{\"@context\":\"https:\/\/schema.org\",\"@graph\":[{\"@type\":\"WebPage\",\"@id\":\"https:\/\/fincasilla.com\/ca\/producto\/espanol-ca\/esdeveniment-10-05-26-nens-berenar-inclos\/\",\"url\":\"https:\/\/fincasilla.com\/ca\/producto\/espanol-ca\/esdeveniment-10-05-26-nens-berenar-inclos\/\",\"name\":\"ESDEVENIMENT 10\/05\/26 - NENS - (berenar incl\u00f2s) - Finca S&#039;illa\",\"isPartOf\":{\"@id\":\"https:\/\/fincasilla.com\/#website\"},\"datePublished\":\"2026-03-03T08:31:19+00:00\",\"dateModified\":\"2026-03-03T08:32:57+00:00\",\"description\":\"El domingo 29 de septiembre, ven a merendar a la Granja y a conocer a los nuevos integrantes de la familia\u2026.Conoceremos todos los animales que viven en la granja, los alimentaremos. Vuestro monitor\/a os explicar\u00e1 c\u00f3mo viven en la granja, c\u00f3mo se alimentan, qu\u00e9 producen\u2026 pod\u00e9is traer comida de casa (pan duro, ma\u00edz, fruta y verduras...) para darles, \u00a1les encanta! Cada ni\u00f1o pondr\u00e1 escoger un nombre a los 3 cerditos y a la ovejita, que luego sortearemos \u00bfQu\u00e9 nombres ganar\u00e1? Merend\u00e1remos chocolatada con bizcocho casero (merienda incluida solo para los peques), los adultos podr\u00e1n traer lo que gusten. Y por \u00faltimo paseo en tren por la granja\",\"breadcrumb\":{\"@id\":\"https:\/\/fincasilla.com\/ca\/producto\/espanol-ca\/esdeveniment-10-05-26-nens-berenar-inclos\/#breadcrumb\"},\"inLanguage\":\"ca\",\"potentialAction\":[{\"@type\":\"ReadAction\",\"target\":[\"https:\/\/fincasilla.com\/ca\/producto\/espanol-ca\/esdeveniment-10-05-26-nens-berenar-inclos\/\"]}]},{\"@type\":\"BreadcrumbList\",\"@id\":\"https:\/\/fincasilla.com\/ca\/producto\/espanol-ca\/esdeveniment-10-05-26-nens-berenar-inclos\/#breadcrumb\",\"itemListElement\":[{\"@type\":\"ListItem\",\"position\":1,\"name\":\"Portada\",\"item\":\"https:\/\/fincasilla.com\/ca\/\"},{\"@type\":\"ListItem\",\"position\":2,\"name\":\"Tienda\",\"item\":\"https:\/\/fincasilla.com\/tienda\/\"},{\"@type\":\"ListItem\",\"position\":3,\"name\":\"ESDEVENIMENT 10\/05\/26 &#8211; NENS &#8211; (berenar incl\u00f2s)\"}]},{\"@type\":\"WebSite\",\"@id\":\"https:\/\/fincasilla.com\/#website\",\"url\":\"https:\/\/fincasilla.com\/\",\"name\":\"Finca S&#039;illa\",\"description\":\"\",\"publisher\":{\"@id\":\"https:\/\/fincasilla.com\/#organization\"},\"potentialAction\":[{\"@type\":\"SearchAction\",\"target\":{\"@type\":\"EntryPoint\",\"urlTemplate\":\"https:\/\/fincasilla.com\/?s={search_term_string}\"},\"query-input\":\"required name=search_term_string\"}],\"inLanguage\":\"ca\"},{\"@type\":\"Organization\",\"@id\":\"https:\/\/fincasilla.com\/#organization\",\"name\":\"Granja Escuela Finca S\u00b4illa para ni\u00f1os en Palma de Mallorca\",\"url\":\"https:\/\/fincasilla.com\/\",\"logo\":{\"@type\":\"ImageObject\",\"inLanguage\":\"ca\",\"@id\":\"https:\/\/fincasilla.com\/#\/schema\/logo\/image\/\",\"url\":\"http:\/\/fincasilla.com\/wp-content\/uploads\/2021\/11\/cropped-Logo_Hipica_Mallorca_Finca_Silla_Favicom.png\",\"contentUrl\":\"http:\/\/fincasilla.com\/wp-content\/uploads\/2021\/11\/cropped-Logo_Hipica_Mallorca_Finca_Silla_Favicom.png\",\"width\":512,\"height\":512,\"caption\":\"Granja Escuela Finca S\u00b4illa para ni\u00f1os en Palma de Mallorca\"},\"image\":{\"@id\":\"https:\/\/fincasilla.com\/#\/schema\/logo\/image\/\"},\"sameAs\":[\"https:\/\/www.facebook.com\/hipicamallorca\",\"https:\/\/instagram.com\/hipicamallorca\"]}]}<\/script>\n<!-- \/ Yoast SEO plugin. -->","yoast_head_json":{"title":"ESDEVENIMENT 10\/05\/26 - NENS - (berenar incl\u00f2s) - Finca S&#039;illa","description":"El domingo 29 de septiembre, ven a merendar a la Granja y a conocer a los nuevos integrantes de la familia\u2026.Conoceremos todos los animales que viven en la granja, los alimentaremos. Vuestro monitor\/a os explicar\u00e1 c\u00f3mo viven en la granja, c\u00f3mo se alimentan, qu\u00e9 producen\u2026 pod\u00e9is traer comida de casa (pan duro, ma\u00edz, fruta y verduras...) para darles, \u00a1les encanta! Cada ni\u00f1o pondr\u00e1 escoger un nombre a los 3 cerditos y a la ovejita, que luego sortearemos \u00bfQu\u00e9 nombres ganar\u00e1? Merend\u00e1remos chocolatada con bizcocho casero (merienda incluida solo para los peques), los adultos podr\u00e1n traer lo que gusten. Y por \u00faltimo paseo en tren por la granja","robots":{"index":"index","follow":"follow","max-snippet":"max-snippet:-1","max-image-preview":"max-image-preview:large","max-video-preview":"max-video-preview:-1"},"canonical":"https:\/\/fincasilla.com\/ca\/producto\/espanol-ca\/esdeveniment-10-05-26-nens-berenar-inclos\/","og_locale":"ca_ES","og_type":"article","og_title":"ESDEVENIMENT 10\/05\/26 - NENS - (berenar incl\u00f2s) - Finca S&#039;illa","og_description":"El domingo 29 de septiembre, ven a merendar a la Granja y a conocer a los nuevos integrantes de la familia\u2026.Conoceremos todos los animales que viven en la granja, los alimentaremos. Vuestro monitor\/a os explicar\u00e1 c\u00f3mo viven en la granja, c\u00f3mo se alimentan, qu\u00e9 producen\u2026 pod\u00e9is traer comida de casa (pan duro, ma\u00edz, fruta y verduras...) para darles, \u00a1les encanta! Cada ni\u00f1o pondr\u00e1 escoger un nombre a los 3 cerditos y a la ovejita, que luego sortearemos \u00bfQu\u00e9 nombres ganar\u00e1? Merend\u00e1remos chocolatada con bizcocho casero (merienda incluida solo para los peques), los adultos podr\u00e1n traer lo que gusten. Y por \u00faltimo paseo en tren por la granja","og_url":"https:\/\/fincasilla.com\/ca\/producto\/espanol-ca\/esdeveniment-10-05-26-nens-berenar-inclos\/","og_site_name":"Finca S&#039;illa","article_publisher":"https:\/\/www.facebook.com\/hipicamallorca","article_modified_time":"2026-03-03T08:32:57+00:00","og_image":[{"width":1080,"height":1080,"url":"https:\/\/fincasilla.com\/wp-content\/uploads\/2024\/01\/Post-de-Instagram-Agencia-de-Viajes-Moderno-Profesional-Verde-2.png","type":"image\/png"}],"twitter_card":"summary_large_image","twitter_misc":{"Temps estimat de lectura":"1 minut"},"schema":{"@context":"https:\/\/schema.org","@graph":[{"@type":"WebPage","@id":"https:\/\/fincasilla.com\/ca\/producto\/espanol-ca\/esdeveniment-10-05-26-nens-berenar-inclos\/","url":"https:\/\/fincasilla.com\/ca\/producto\/espanol-ca\/esdeveniment-10-05-26-nens-berenar-inclos\/","name":"ESDEVENIMENT 10\/05\/26 - NENS - (berenar incl\u00f2s) - Finca S&#039;illa","isPartOf":{"@id":"https:\/\/fincasilla.com\/#website"},"datePublished":"2026-03-03T08:31:19+00:00","dateModified":"2026-03-03T08:32:57+00:00","description":"El domingo 29 de septiembre, ven a merendar a la Granja y a conocer a los nuevos integrantes de la familia\u2026.Conoceremos todos los animales que viven en la granja, los alimentaremos. Vuestro monitor\/a os explicar\u00e1 c\u00f3mo viven en la granja, c\u00f3mo se alimentan, qu\u00e9 producen\u2026 pod\u00e9is traer comida de casa (pan duro, ma\u00edz, fruta y verduras...) para darles, \u00a1les encanta! Cada ni\u00f1o pondr\u00e1 escoger un nombre a los 3 cerditos y a la ovejita, que luego sortearemos \u00bfQu\u00e9 nombres ganar\u00e1? Merend\u00e1remos chocolatada con bizcocho casero (merienda incluida solo para los peques), los adultos podr\u00e1n traer lo que gusten. Y por \u00faltimo paseo en tren por la granja","breadcrumb":{"@id":"https:\/\/fincasilla.com\/ca\/producto\/espanol-ca\/esdeveniment-10-05-26-nens-berenar-inclos\/#breadcrumb"},"inLanguage":"ca","potentialAction":[{"@type":"ReadAction","target":["https:\/\/fincasilla.com\/ca\/producto\/espanol-ca\/esdeveniment-10-05-26-nens-berenar-inclos\/"]}]},{"@type":"BreadcrumbList","@id":"https:\/\/fincasilla.com\/ca\/producto\/espanol-ca\/esdeveniment-10-05-26-nens-berenar-inclos\/#breadcrumb","itemListElement":[{"@type":"ListItem","position":1,"name":"Portada","item":"https:\/\/fincasilla.com\/ca\/"},{"@type":"ListItem","position":2,"name":"Tienda","item":"https:\/\/fincasilla.com\/tienda\/"},{"@type":"ListItem","position":3,"name":"ESDEVENIMENT 10\/05\/26 &#8211; NENS &#8211; (berenar incl\u00f2s)"}]},{"@type":"WebSite","@id":"https:\/\/fincasilla.com\/#website","url":"https:\/\/fincasilla.com\/","name":"Finca S&#039;illa","description":"","publisher":{"@id":"https:\/\/fincasilla.com\/#organization"},"potentialAction":[{"@type":"SearchAction","target":{"@type":"EntryPoint","urlTemplate":"https:\/\/fincasilla.com\/?s={search_term_string}"},"query-input":"required name=search_term_string"}],"inLanguage":"ca"},{"@type":"Organization","@id":"https:\/\/fincasilla.com\/#organization","name":"Granja Escuela Finca S\u00b4illa para ni\u00f1os en Palma de Mallorca","url":"https:\/\/fincasilla.com\/","logo":{"@type":"ImageObject","inLanguage":"ca","@id":"https:\/\/fincasilla.com\/#\/schema\/logo\/image\/","url":"http:\/\/fincasilla.com\/wp-content\/uploads\/2021\/11\/cropped-Logo_Hipica_Mallorca_Finca_Silla_Favicom.png","contentUrl":"http:\/\/fincasilla.com\/wp-content\/uploads\/2021\/11\/cropped-Logo_Hipica_Mallorca_Finca_Silla_Favicom.png","width":512,"height":512,"caption":"Granja Escuela Finca S\u00b4illa para ni\u00f1os en Palma de Mallorca"},"image":{"@id":"https:\/\/fincasilla.com\/#\/schema\/logo\/image\/"},"sameAs":["https:\/\/www.facebook.com\/hipicamallorca","https:\/\/instagram.com\/hipicamallorca"]}]}},"_links":{"self":[{"href":"https:\/\/fincasilla.com\/ca\/wp-json\/wp\/v2\/product\/7504"}],"collection":[{"href":"https:\/\/fincasilla.com\/ca\/wp-json\/wp\/v2\/product"}],"about":[{"href":"https:\/\/fincasilla.com\/ca\/wp-json\/wp\/v2\/types\/product"}],"wp:featuredmedia":[{"embeddable":true,"href":"https:\/\/fincasilla.com\/ca\/wp-json\/wp\/v2\/media\/6019"}],"wp:attachment":[{"href":"https:\/\/fincasilla.com\/ca\/wp-json\/wp\/v2\/media?parent=7504"}],"wp:term":[{"taxonomy":"product_cat","embeddable":true,"href":"https:\/\/fincasilla.com\/ca\/wp-json\/wp\/v2\/product_cat?post=7504"},{"taxonomy":"product_tag","embeddable":true,"href":"https:\/\/fincasilla.com\/ca\/wp-json\/wp\/v2\/product_tag?post=7504"}],"curies":[{"name":"wp","href":"https:\/\/api.w.org\/{rel}","templated":true}]}}