{"id":5888,"date":"2023-09-14T15:34:49","date_gmt":"2023-09-14T13:34:49","guid":{"rendered":"https:\/\/fincasilla.com\/producto\/uncategorized\/inscripciones-abiertas-halloween-2023\/"},"modified":"2024-01-04T08:23:59","modified_gmt":"2024-01-04T06:23:59","slug":"registrations-open-halloween-2023","status":"publish","type":"product","link":"https:\/\/fincasilla.com\/en\/producto\/espanol-en\/registrations-open-halloween-2023\/","title":{"rendered":"REGISTRATIONS OPEN! HALLOWEEN 2023"},"content":{"rendered":"","protected":false},"excerpt":{"rendered":"<p><strong>DATES<\/strong> 31\/10\/2024<\/p>\n<p><strong>TIMINGS<\/strong> 5:00 PM to 11:00 AM (overnight)<\/p>\n<p><strong>COST<\/strong> \u20ac155 per family of 3 \u20ac25 per additional child<\/p>\n<p>(Includes dinner and breakfast)<\/p>\n<p><strong>Insurance included<\/strong><\/p>\n<p><strong>LIMITED SPOTS<\/strong> Book in advance.<\/p>\n<p><strong>REQUIRED MATERIALS<\/strong><\/p>\n<ul>\n<li>Afternoon snack<\/li>\n<li>Comfortable clothing<\/li>\n<li>Water bottle (we&#8217;ll refill it)<\/li>\n<li>Flashlight<\/li>\n<li>Sleeping bag<\/li>\n<li>Change of clothes<\/li>\n<li>Personal hygiene products<\/li>\n<li>Towel<\/li>\n<\/ul>\n<p><strong>Conditions<\/strong><\/p>\n<p>The reservation will be confirmed with a \u20ac50 online payment, and the remaining amount is to be paid in cash at our facilities. The outstanding payment must be settled one week before the event.<\/p>\n","protected":false},"featured_media":5759,"template":"","meta":{"inline_featured_image":false,"_joinchat":[]},"product_cat":[234,235],"product_tag":[],"yoast_head":"<!-- This site is optimized with the Yoast SEO plugin v21.9.1 - https:\/\/yoast.com\/wordpress\/plugins\/seo\/ -->\n<title>REGISTRATIONS OPEN! HALLOWEEN 2023 - Finca S&#039;illa<\/title>\n<meta name=\"description\" content=\"Tras el \u00e9xito de los Campus del a\u00f1o pasado, este a\u00f1o tambi\u00e9n tendremos Campus, donde ofrecemos todo un mundo de experiencias en plena naturaleza. Una propuesta id\u00f3nea para disfrutar unos d\u00edas diferentes, acerc\u00e1ndonos a la naturaleza, al mundo rural y a la Educaci\u00f3n ambiental. En todas las actividades pondr\u00e1n en pr\u00e1ctica la convivencia, la participaci\u00f3n y la cooperaci\u00f3n con los compa\u00f1eros\/as, reforzando la autonom\u00eda, responsabilidad, aspectos cognitivos, motores, afectivos y sociales.Conocer\u00e1n y cuidar\u00e1n a los animales de la granja, entre otras actividades.\" \/>\n<meta name=\"robots\" content=\"index, follow, max-snippet:-1, max-image-preview:large, max-video-preview:-1\" \/>\n<link rel=\"canonical\" href=\"https:\/\/fincasilla.com\/en\/producto\/espanol-en\/registrations-open-halloween-2023\/\" \/>\n<meta property=\"og:locale\" content=\"en_US\" \/>\n<meta property=\"og:type\" content=\"article\" \/>\n<meta property=\"og:title\" content=\"REGISTRATIONS OPEN! HALLOWEEN 2023 - Finca S&#039;illa\" \/>\n<meta property=\"og:description\" content=\"Tras el \u00e9xito de los Campus del a\u00f1o pasado, este a\u00f1o tambi\u00e9n tendremos Campus, donde ofrecemos todo un mundo de experiencias en plena naturaleza. Una propuesta id\u00f3nea para disfrutar unos d\u00edas diferentes, acerc\u00e1ndonos a la naturaleza, al mundo rural y a la Educaci\u00f3n ambiental. En todas las actividades pondr\u00e1n en pr\u00e1ctica la convivencia, la participaci\u00f3n y la cooperaci\u00f3n con los compa\u00f1eros\/as, reforzando la autonom\u00eda, responsabilidad, aspectos cognitivos, motores, afectivos y sociales.Conocer\u00e1n y cuidar\u00e1n a los animales de la granja, entre otras actividades.\" \/>\n<meta property=\"og:url\" content=\"https:\/\/fincasilla.com\/en\/producto\/espanol-en\/registrations-open-halloween-2023\/\" \/>\n<meta property=\"og:site_name\" content=\"Finca S&#039;illa\" \/>\n<meta property=\"article:publisher\" content=\"https:\/\/www.facebook.com\/hipicamallorca\" \/>\n<meta property=\"article:modified_time\" content=\"2024-01-04T06:23:59+00:00\" \/>\n<meta property=\"og:image\" content=\"https:\/\/fincasilla.com\/wp-content\/uploads\/2023\/09\/155E-POR-FAMILIA-DE-TRES-NINO-EXTRA-25E.png\" \/>\n\t<meta property=\"og:image:width\" content=\"1414\" \/>\n\t<meta property=\"og:image:height\" content=\"2000\" \/>\n\t<meta property=\"og:image:type\" content=\"image\/png\" \/>\n<meta name=\"twitter:card\" content=\"summary_large_image\" \/>\n<meta name=\"twitter:label1\" content=\"Est. reading time\" \/>\n\t<meta name=\"twitter:data1\" content=\"1 minute\" \/>\n<script type=\"application\/ld+json\" class=\"yoast-schema-graph\">{\"@context\":\"https:\/\/schema.org\",\"@graph\":[{\"@type\":\"WebPage\",\"@id\":\"https:\/\/fincasilla.com\/en\/producto\/espanol-en\/registrations-open-halloween-2023\/\",\"url\":\"https:\/\/fincasilla.com\/en\/producto\/espanol-en\/registrations-open-halloween-2023\/\",\"name\":\"REGISTRATIONS OPEN! HALLOWEEN 2023 - Finca S&#039;illa\",\"isPartOf\":{\"@id\":\"https:\/\/fincasilla.com\/#website\"},\"datePublished\":\"2023-09-14T13:34:49+00:00\",\"dateModified\":\"2024-01-04T06:23:59+00:00\",\"description\":\"Tras el \u00e9xito de los Campus del a\u00f1o pasado, este a\u00f1o tambi\u00e9n tendremos Campus, donde ofrecemos todo un mundo de experiencias en plena naturaleza. Una propuesta id\u00f3nea para disfrutar unos d\u00edas diferentes, acerc\u00e1ndonos a la naturaleza, al mundo rural y a la Educaci\u00f3n ambiental. En todas las actividades pondr\u00e1n en pr\u00e1ctica la convivencia, la participaci\u00f3n y la cooperaci\u00f3n con los compa\u00f1eros\/as, reforzando la autonom\u00eda, responsabilidad, aspectos cognitivos, motores, afectivos y sociales.Conocer\u00e1n y cuidar\u00e1n a los animales de la granja, entre otras actividades.\",\"breadcrumb\":{\"@id\":\"https:\/\/fincasilla.com\/en\/producto\/espanol-en\/registrations-open-halloween-2023\/#breadcrumb\"},\"inLanguage\":\"en-US\",\"potentialAction\":[{\"@type\":\"ReadAction\",\"target\":[\"https:\/\/fincasilla.com\/en\/producto\/espanol-en\/registrations-open-halloween-2023\/\"]}]},{\"@type\":\"BreadcrumbList\",\"@id\":\"https:\/\/fincasilla.com\/en\/producto\/espanol-en\/registrations-open-halloween-2023\/#breadcrumb\",\"itemListElement\":[{\"@type\":\"ListItem\",\"position\":1,\"name\":\"Portada\",\"item\":\"https:\/\/fincasilla.com\/en\/\"},{\"@type\":\"ListItem\",\"position\":2,\"name\":\"Shop\",\"item\":\"https:\/\/fincasilla.com\/en\/shop\/\"},{\"@type\":\"ListItem\",\"position\":3,\"name\":\"REGISTRATIONS OPEN! HALLOWEEN 2023\"}]},{\"@type\":\"WebSite\",\"@id\":\"https:\/\/fincasilla.com\/#website\",\"url\":\"https:\/\/fincasilla.com\/\",\"name\":\"Finca S&#039;illa\",\"description\":\"\",\"publisher\":{\"@id\":\"https:\/\/fincasilla.com\/#organization\"},\"potentialAction\":[{\"@type\":\"SearchAction\",\"target\":{\"@type\":\"EntryPoint\",\"urlTemplate\":\"https:\/\/fincasilla.com\/?s={search_term_string}\"},\"query-input\":\"required name=search_term_string\"}],\"inLanguage\":\"en-US\"},{\"@type\":\"Organization\",\"@id\":\"https:\/\/fincasilla.com\/#organization\",\"name\":\"Granja Escuela Finca S\u00b4illa para ni\u00f1os en Palma de Mallorca\",\"url\":\"https:\/\/fincasilla.com\/\",\"logo\":{\"@type\":\"ImageObject\",\"inLanguage\":\"en-US\",\"@id\":\"https:\/\/fincasilla.com\/#\/schema\/logo\/image\/\",\"url\":\"http:\/\/fincasilla.com\/wp-content\/uploads\/2021\/11\/cropped-Logo_Hipica_Mallorca_Finca_Silla_Favicom.png\",\"contentUrl\":\"http:\/\/fincasilla.com\/wp-content\/uploads\/2021\/11\/cropped-Logo_Hipica_Mallorca_Finca_Silla_Favicom.png\",\"width\":512,\"height\":512,\"caption\":\"Granja Escuela Finca S\u00b4illa para ni\u00f1os en Palma de Mallorca\"},\"image\":{\"@id\":\"https:\/\/fincasilla.com\/#\/schema\/logo\/image\/\"},\"sameAs\":[\"https:\/\/www.facebook.com\/hipicamallorca\",\"https:\/\/instagram.com\/hipicamallorca\"]}]}<\/script>\n<!-- \/ Yoast SEO plugin. -->","yoast_head_json":{"title":"REGISTRATIONS OPEN! HALLOWEEN 2023 - Finca S&#039;illa","description":"Tras el \u00e9xito de los Campus del a\u00f1o pasado, este a\u00f1o tambi\u00e9n tendremos Campus, donde ofrecemos todo un mundo de experiencias en plena naturaleza. Una propuesta id\u00f3nea para disfrutar unos d\u00edas diferentes, acerc\u00e1ndonos a la naturaleza, al mundo rural y a la Educaci\u00f3n ambiental. En todas las actividades pondr\u00e1n en pr\u00e1ctica la convivencia, la participaci\u00f3n y la cooperaci\u00f3n con los compa\u00f1eros\/as, reforzando la autonom\u00eda, responsabilidad, aspectos cognitivos, motores, afectivos y sociales.Conocer\u00e1n y cuidar\u00e1n a los animales de la granja, entre otras actividades.","robots":{"index":"index","follow":"follow","max-snippet":"max-snippet:-1","max-image-preview":"max-image-preview:large","max-video-preview":"max-video-preview:-1"},"canonical":"https:\/\/fincasilla.com\/en\/producto\/espanol-en\/registrations-open-halloween-2023\/","og_locale":"en_US","og_type":"article","og_title":"REGISTRATIONS OPEN! HALLOWEEN 2023 - Finca S&#039;illa","og_description":"Tras el \u00e9xito de los Campus del a\u00f1o pasado, este a\u00f1o tambi\u00e9n tendremos Campus, donde ofrecemos todo un mundo de experiencias en plena naturaleza. Una propuesta id\u00f3nea para disfrutar unos d\u00edas diferentes, acerc\u00e1ndonos a la naturaleza, al mundo rural y a la Educaci\u00f3n ambiental. En todas las actividades pondr\u00e1n en pr\u00e1ctica la convivencia, la participaci\u00f3n y la cooperaci\u00f3n con los compa\u00f1eros\/as, reforzando la autonom\u00eda, responsabilidad, aspectos cognitivos, motores, afectivos y sociales.Conocer\u00e1n y cuidar\u00e1n a los animales de la granja, entre otras actividades.","og_url":"https:\/\/fincasilla.com\/en\/producto\/espanol-en\/registrations-open-halloween-2023\/","og_site_name":"Finca S&#039;illa","article_publisher":"https:\/\/www.facebook.com\/hipicamallorca","article_modified_time":"2024-01-04T06:23:59+00:00","og_image":[{"width":1414,"height":2000,"url":"https:\/\/fincasilla.com\/wp-content\/uploads\/2023\/09\/155E-POR-FAMILIA-DE-TRES-NINO-EXTRA-25E.png","type":"image\/png"}],"twitter_card":"summary_large_image","twitter_misc":{"Est. reading time":"1 minute"},"schema":{"@context":"https:\/\/schema.org","@graph":[{"@type":"WebPage","@id":"https:\/\/fincasilla.com\/en\/producto\/espanol-en\/registrations-open-halloween-2023\/","url":"https:\/\/fincasilla.com\/en\/producto\/espanol-en\/registrations-open-halloween-2023\/","name":"REGISTRATIONS OPEN! HALLOWEEN 2023 - Finca S&#039;illa","isPartOf":{"@id":"https:\/\/fincasilla.com\/#website"},"datePublished":"2023-09-14T13:34:49+00:00","dateModified":"2024-01-04T06:23:59+00:00","description":"Tras el \u00e9xito de los Campus del a\u00f1o pasado, este a\u00f1o tambi\u00e9n tendremos Campus, donde ofrecemos todo un mundo de experiencias en plena naturaleza. Una propuesta id\u00f3nea para disfrutar unos d\u00edas diferentes, acerc\u00e1ndonos a la naturaleza, al mundo rural y a la Educaci\u00f3n ambiental. En todas las actividades pondr\u00e1n en pr\u00e1ctica la convivencia, la participaci\u00f3n y la cooperaci\u00f3n con los compa\u00f1eros\/as, reforzando la autonom\u00eda, responsabilidad, aspectos cognitivos, motores, afectivos y sociales.Conocer\u00e1n y cuidar\u00e1n a los animales de la granja, entre otras actividades.","breadcrumb":{"@id":"https:\/\/fincasilla.com\/en\/producto\/espanol-en\/registrations-open-halloween-2023\/#breadcrumb"},"inLanguage":"en-US","potentialAction":[{"@type":"ReadAction","target":["https:\/\/fincasilla.com\/en\/producto\/espanol-en\/registrations-open-halloween-2023\/"]}]},{"@type":"BreadcrumbList","@id":"https:\/\/fincasilla.com\/en\/producto\/espanol-en\/registrations-open-halloween-2023\/#breadcrumb","itemListElement":[{"@type":"ListItem","position":1,"name":"Portada","item":"https:\/\/fincasilla.com\/en\/"},{"@type":"ListItem","position":2,"name":"Shop","item":"https:\/\/fincasilla.com\/en\/shop\/"},{"@type":"ListItem","position":3,"name":"REGISTRATIONS OPEN! HALLOWEEN 2023"}]},{"@type":"WebSite","@id":"https:\/\/fincasilla.com\/#website","url":"https:\/\/fincasilla.com\/","name":"Finca S&#039;illa","description":"","publisher":{"@id":"https:\/\/fincasilla.com\/#organization"},"potentialAction":[{"@type":"SearchAction","target":{"@type":"EntryPoint","urlTemplate":"https:\/\/fincasilla.com\/?s={search_term_string}"},"query-input":"required name=search_term_string"}],"inLanguage":"en-US"},{"@type":"Organization","@id":"https:\/\/fincasilla.com\/#organization","name":"Granja Escuela Finca S\u00b4illa para ni\u00f1os en Palma de Mallorca","url":"https:\/\/fincasilla.com\/","logo":{"@type":"ImageObject","inLanguage":"en-US","@id":"https:\/\/fincasilla.com\/#\/schema\/logo\/image\/","url":"http:\/\/fincasilla.com\/wp-content\/uploads\/2021\/11\/cropped-Logo_Hipica_Mallorca_Finca_Silla_Favicom.png","contentUrl":"http:\/\/fincasilla.com\/wp-content\/uploads\/2021\/11\/cropped-Logo_Hipica_Mallorca_Finca_Silla_Favicom.png","width":512,"height":512,"caption":"Granja Escuela Finca S\u00b4illa para ni\u00f1os en Palma de Mallorca"},"image":{"@id":"https:\/\/fincasilla.com\/#\/schema\/logo\/image\/"},"sameAs":["https:\/\/www.facebook.com\/hipicamallorca","https:\/\/instagram.com\/hipicamallorca"]}]}},"_links":{"self":[{"href":"https:\/\/fincasilla.com\/en\/wp-json\/wp\/v2\/product\/5888"}],"collection":[{"href":"https:\/\/fincasilla.com\/en\/wp-json\/wp\/v2\/product"}],"about":[{"href":"https:\/\/fincasilla.com\/en\/wp-json\/wp\/v2\/types\/product"}],"wp:featuredmedia":[{"embeddable":true,"href":"https:\/\/fincasilla.com\/en\/wp-json\/wp\/v2\/media\/5759"}],"wp:attachment":[{"href":"https:\/\/fincasilla.com\/en\/wp-json\/wp\/v2\/media?parent=5888"}],"wp:term":[{"taxonomy":"product_cat","embeddable":true,"href":"https:\/\/fincasilla.com\/en\/wp-json\/wp\/v2\/product_cat?post=5888"},{"taxonomy":"product_tag","embeddable":true,"href":"https:\/\/fincasilla.com\/en\/wp-json\/wp\/v2\/product_tag?post=5888"}],"curies":[{"name":"wp","href":"https:\/\/api.w.org\/{rel}","templated":true}]}}