{"id":5889,"date":"2023-10-04T10:27:58","date_gmt":"2023-10-04T08:27:58","guid":{"rendered":"https:\/\/fincasilla.com\/producto\/uncategorized\/inscripciones-abiertas-halloween-2023-ninos-menores-de-3-anos\/"},"modified":"2024-10-11T12:21:00","modified_gmt":"2024-10-11T10:21:00","slug":"extra-child-adult","status":"publish","type":"product","link":"https:\/\/fincasilla.com\/en\/producto\/halloween-2024-en\/extra-child-adult\/","title":{"rendered":"EXTRA CHILD\/ADULT (tent not included)"},"content":{"rendered":"<p>Halloween event, dinner and breakfast included<\/p>\n","protected":false},"excerpt":{"rendered":"<p>Halloween event, dinner and breakfast included<\/p>\n","protected":false},"featured_media":6200,"template":"","meta":{"inline_featured_image":false,"_joinchat":[]},"product_cat":[420],"product_tag":[],"yoast_head":"<!-- This site is optimized with the Yoast SEO plugin v21.9.1 - https:\/\/yoast.com\/wordpress\/plugins\/seo\/ -->\n<title>EXTRA CHILD\/ADULT (tent not included) - Finca S&#039;illa<\/title>\n<meta name=\"description\" content=\"Tras el \u00e9xito de los Campus del a\u00f1o pasado, este a\u00f1o tambi\u00e9n tendremos Campus, donde ofrecemos todo un mundo de experiencias en plena naturaleza. Una propuesta id\u00f3nea para disfrutar unos d\u00edas diferentes, acerc\u00e1ndonos a la naturaleza, al mundo rural y a la Educaci\u00f3n ambiental. En todas las actividades pondr\u00e1n en pr\u00e1ctica la convivencia, la participaci\u00f3n y la cooperaci\u00f3n con los compa\u00f1eros\/as, reforzando la autonom\u00eda, responsabilidad, aspectos cognitivos, motores, afectivos y sociales.Conocer\u00e1n y cuidar\u00e1n a los animales de la granja, entre otras actividades.\" \/>\n<meta name=\"robots\" content=\"index, follow, max-snippet:-1, max-image-preview:large, max-video-preview:-1\" \/>\n<link rel=\"canonical\" href=\"https:\/\/fincasilla.com\/en\/producto\/halloween-2024-en\/extra-child-adult\/\" \/>\n<meta property=\"og:locale\" content=\"en_US\" \/>\n<meta property=\"og:type\" content=\"article\" \/>\n<meta property=\"og:title\" content=\"EXTRA CHILD\/ADULT (tent not included) - Finca S&#039;illa\" \/>\n<meta property=\"og:description\" content=\"Tras el \u00e9xito de los Campus del a\u00f1o pasado, este a\u00f1o tambi\u00e9n tendremos Campus, donde ofrecemos todo un mundo de experiencias en plena naturaleza. Una propuesta id\u00f3nea para disfrutar unos d\u00edas diferentes, acerc\u00e1ndonos a la naturaleza, al mundo rural y a la Educaci\u00f3n ambiental. En todas las actividades pondr\u00e1n en pr\u00e1ctica la convivencia, la participaci\u00f3n y la cooperaci\u00f3n con los compa\u00f1eros\/as, reforzando la autonom\u00eda, responsabilidad, aspectos cognitivos, motores, afectivos y sociales.Conocer\u00e1n y cuidar\u00e1n a los animales de la granja, entre otras actividades.\" \/>\n<meta property=\"og:url\" content=\"https:\/\/fincasilla.com\/en\/producto\/halloween-2024-en\/extra-child-adult\/\" \/>\n<meta property=\"og:site_name\" content=\"Finca S&#039;illa\" \/>\n<meta property=\"article:publisher\" content=\"https:\/\/www.facebook.com\/hipicamallorca\" \/>\n<meta property=\"article:modified_time\" content=\"2024-10-11T10:21:00+00:00\" \/>\n<meta property=\"og:image\" content=\"https:\/\/fincasilla.com\/wp-content\/uploads\/2024\/07\/Purple-Illustrative-Happy-Halloween-Instagram-Post.png\" \/>\n\t<meta property=\"og:image:width\" content=\"1080\" \/>\n\t<meta property=\"og:image:height\" content=\"1080\" \/>\n\t<meta property=\"og:image:type\" content=\"image\/png\" \/>\n<meta name=\"twitter:card\" content=\"summary_large_image\" \/>\n<meta name=\"twitter:label1\" content=\"Est. reading time\" \/>\n\t<meta name=\"twitter:data1\" content=\"1 minute\" \/>\n<script type=\"application\/ld+json\" class=\"yoast-schema-graph\">{\"@context\":\"https:\/\/schema.org\",\"@graph\":[{\"@type\":\"WebPage\",\"@id\":\"https:\/\/fincasilla.com\/en\/producto\/halloween-2024-en\/extra-child-adult\/\",\"url\":\"https:\/\/fincasilla.com\/en\/producto\/halloween-2024-en\/extra-child-adult\/\",\"name\":\"EXTRA CHILD\/ADULT (tent not included) - Finca S&#039;illa\",\"isPartOf\":{\"@id\":\"https:\/\/fincasilla.com\/#website\"},\"datePublished\":\"2023-10-04T08:27:58+00:00\",\"dateModified\":\"2024-10-11T10:21:00+00:00\",\"description\":\"Tras el \u00e9xito de los Campus del a\u00f1o pasado, este a\u00f1o tambi\u00e9n tendremos Campus, donde ofrecemos todo un mundo de experiencias en plena naturaleza. Una propuesta id\u00f3nea para disfrutar unos d\u00edas diferentes, acerc\u00e1ndonos a la naturaleza, al mundo rural y a la Educaci\u00f3n ambiental. En todas las actividades pondr\u00e1n en pr\u00e1ctica la convivencia, la participaci\u00f3n y la cooperaci\u00f3n con los compa\u00f1eros\/as, reforzando la autonom\u00eda, responsabilidad, aspectos cognitivos, motores, afectivos y sociales.Conocer\u00e1n y cuidar\u00e1n a los animales de la granja, entre otras actividades.\",\"breadcrumb\":{\"@id\":\"https:\/\/fincasilla.com\/en\/producto\/halloween-2024-en\/extra-child-adult\/#breadcrumb\"},\"inLanguage\":\"en-US\",\"potentialAction\":[{\"@type\":\"ReadAction\",\"target\":[\"https:\/\/fincasilla.com\/en\/producto\/halloween-2024-en\/extra-child-adult\/\"]}]},{\"@type\":\"BreadcrumbList\",\"@id\":\"https:\/\/fincasilla.com\/en\/producto\/halloween-2024-en\/extra-child-adult\/#breadcrumb\",\"itemListElement\":[{\"@type\":\"ListItem\",\"position\":1,\"name\":\"Portada\",\"item\":\"https:\/\/fincasilla.com\/en\/\"},{\"@type\":\"ListItem\",\"position\":2,\"name\":\"Shop\",\"item\":\"https:\/\/fincasilla.com\/en\/shop\/\"},{\"@type\":\"ListItem\",\"position\":3,\"name\":\"EXTRA CHILD\/ADULT (tent not included)\"}]},{\"@type\":\"WebSite\",\"@id\":\"https:\/\/fincasilla.com\/#website\",\"url\":\"https:\/\/fincasilla.com\/\",\"name\":\"Finca S&#039;illa\",\"description\":\"\",\"publisher\":{\"@id\":\"https:\/\/fincasilla.com\/#organization\"},\"potentialAction\":[{\"@type\":\"SearchAction\",\"target\":{\"@type\":\"EntryPoint\",\"urlTemplate\":\"https:\/\/fincasilla.com\/?s={search_term_string}\"},\"query-input\":\"required name=search_term_string\"}],\"inLanguage\":\"en-US\"},{\"@type\":\"Organization\",\"@id\":\"https:\/\/fincasilla.com\/#organization\",\"name\":\"Granja Escuela Finca S\u00b4illa para ni\u00f1os en Palma de Mallorca\",\"url\":\"https:\/\/fincasilla.com\/\",\"logo\":{\"@type\":\"ImageObject\",\"inLanguage\":\"en-US\",\"@id\":\"https:\/\/fincasilla.com\/#\/schema\/logo\/image\/\",\"url\":\"http:\/\/fincasilla.com\/wp-content\/uploads\/2021\/11\/cropped-Logo_Hipica_Mallorca_Finca_Silla_Favicom.png\",\"contentUrl\":\"http:\/\/fincasilla.com\/wp-content\/uploads\/2021\/11\/cropped-Logo_Hipica_Mallorca_Finca_Silla_Favicom.png\",\"width\":512,\"height\":512,\"caption\":\"Granja Escuela Finca S\u00b4illa para ni\u00f1os en Palma de Mallorca\"},\"image\":{\"@id\":\"https:\/\/fincasilla.com\/#\/schema\/logo\/image\/\"},\"sameAs\":[\"https:\/\/www.facebook.com\/hipicamallorca\",\"https:\/\/instagram.com\/hipicamallorca\"]}]}<\/script>\n<!-- \/ Yoast SEO plugin. -->","yoast_head_json":{"title":"EXTRA CHILD\/ADULT (tent not included) - Finca S&#039;illa","description":"Tras el \u00e9xito de los Campus del a\u00f1o pasado, este a\u00f1o tambi\u00e9n tendremos Campus, donde ofrecemos todo un mundo de experiencias en plena naturaleza. Una propuesta id\u00f3nea para disfrutar unos d\u00edas diferentes, acerc\u00e1ndonos a la naturaleza, al mundo rural y a la Educaci\u00f3n ambiental. En todas las actividades pondr\u00e1n en pr\u00e1ctica la convivencia, la participaci\u00f3n y la cooperaci\u00f3n con los compa\u00f1eros\/as, reforzando la autonom\u00eda, responsabilidad, aspectos cognitivos, motores, afectivos y sociales.Conocer\u00e1n y cuidar\u00e1n a los animales de la granja, entre otras actividades.","robots":{"index":"index","follow":"follow","max-snippet":"max-snippet:-1","max-image-preview":"max-image-preview:large","max-video-preview":"max-video-preview:-1"},"canonical":"https:\/\/fincasilla.com\/en\/producto\/halloween-2024-en\/extra-child-adult\/","og_locale":"en_US","og_type":"article","og_title":"EXTRA CHILD\/ADULT (tent not included) - Finca S&#039;illa","og_description":"Tras el \u00e9xito de los Campus del a\u00f1o pasado, este a\u00f1o tambi\u00e9n tendremos Campus, donde ofrecemos todo un mundo de experiencias en plena naturaleza. Una propuesta id\u00f3nea para disfrutar unos d\u00edas diferentes, acerc\u00e1ndonos a la naturaleza, al mundo rural y a la Educaci\u00f3n ambiental. En todas las actividades pondr\u00e1n en pr\u00e1ctica la convivencia, la participaci\u00f3n y la cooperaci\u00f3n con los compa\u00f1eros\/as, reforzando la autonom\u00eda, responsabilidad, aspectos cognitivos, motores, afectivos y sociales.Conocer\u00e1n y cuidar\u00e1n a los animales de la granja, entre otras actividades.","og_url":"https:\/\/fincasilla.com\/en\/producto\/halloween-2024-en\/extra-child-adult\/","og_site_name":"Finca S&#039;illa","article_publisher":"https:\/\/www.facebook.com\/hipicamallorca","article_modified_time":"2024-10-11T10:21:00+00:00","og_image":[{"width":1080,"height":1080,"url":"https:\/\/fincasilla.com\/wp-content\/uploads\/2024\/07\/Purple-Illustrative-Happy-Halloween-Instagram-Post.png","type":"image\/png"}],"twitter_card":"summary_large_image","twitter_misc":{"Est. reading time":"1 minute"},"schema":{"@context":"https:\/\/schema.org","@graph":[{"@type":"WebPage","@id":"https:\/\/fincasilla.com\/en\/producto\/halloween-2024-en\/extra-child-adult\/","url":"https:\/\/fincasilla.com\/en\/producto\/halloween-2024-en\/extra-child-adult\/","name":"EXTRA CHILD\/ADULT (tent not included) - Finca S&#039;illa","isPartOf":{"@id":"https:\/\/fincasilla.com\/#website"},"datePublished":"2023-10-04T08:27:58+00:00","dateModified":"2024-10-11T10:21:00+00:00","description":"Tras el \u00e9xito de los Campus del a\u00f1o pasado, este a\u00f1o tambi\u00e9n tendremos Campus, donde ofrecemos todo un mundo de experiencias en plena naturaleza. Una propuesta id\u00f3nea para disfrutar unos d\u00edas diferentes, acerc\u00e1ndonos a la naturaleza, al mundo rural y a la Educaci\u00f3n ambiental. En todas las actividades pondr\u00e1n en pr\u00e1ctica la convivencia, la participaci\u00f3n y la cooperaci\u00f3n con los compa\u00f1eros\/as, reforzando la autonom\u00eda, responsabilidad, aspectos cognitivos, motores, afectivos y sociales.Conocer\u00e1n y cuidar\u00e1n a los animales de la granja, entre otras actividades.","breadcrumb":{"@id":"https:\/\/fincasilla.com\/en\/producto\/halloween-2024-en\/extra-child-adult\/#breadcrumb"},"inLanguage":"en-US","potentialAction":[{"@type":"ReadAction","target":["https:\/\/fincasilla.com\/en\/producto\/halloween-2024-en\/extra-child-adult\/"]}]},{"@type":"BreadcrumbList","@id":"https:\/\/fincasilla.com\/en\/producto\/halloween-2024-en\/extra-child-adult\/#breadcrumb","itemListElement":[{"@type":"ListItem","position":1,"name":"Portada","item":"https:\/\/fincasilla.com\/en\/"},{"@type":"ListItem","position":2,"name":"Shop","item":"https:\/\/fincasilla.com\/en\/shop\/"},{"@type":"ListItem","position":3,"name":"EXTRA CHILD\/ADULT (tent not included)"}]},{"@type":"WebSite","@id":"https:\/\/fincasilla.com\/#website","url":"https:\/\/fincasilla.com\/","name":"Finca S&#039;illa","description":"","publisher":{"@id":"https:\/\/fincasilla.com\/#organization"},"potentialAction":[{"@type":"SearchAction","target":{"@type":"EntryPoint","urlTemplate":"https:\/\/fincasilla.com\/?s={search_term_string}"},"query-input":"required name=search_term_string"}],"inLanguage":"en-US"},{"@type":"Organization","@id":"https:\/\/fincasilla.com\/#organization","name":"Granja Escuela Finca S\u00b4illa para ni\u00f1os en Palma de Mallorca","url":"https:\/\/fincasilla.com\/","logo":{"@type":"ImageObject","inLanguage":"en-US","@id":"https:\/\/fincasilla.com\/#\/schema\/logo\/image\/","url":"http:\/\/fincasilla.com\/wp-content\/uploads\/2021\/11\/cropped-Logo_Hipica_Mallorca_Finca_Silla_Favicom.png","contentUrl":"http:\/\/fincasilla.com\/wp-content\/uploads\/2021\/11\/cropped-Logo_Hipica_Mallorca_Finca_Silla_Favicom.png","width":512,"height":512,"caption":"Granja Escuela Finca S\u00b4illa para ni\u00f1os en Palma de Mallorca"},"image":{"@id":"https:\/\/fincasilla.com\/#\/schema\/logo\/image\/"},"sameAs":["https:\/\/www.facebook.com\/hipicamallorca","https:\/\/instagram.com\/hipicamallorca"]}]}},"_links":{"self":[{"href":"https:\/\/fincasilla.com\/en\/wp-json\/wp\/v2\/product\/5889"}],"collection":[{"href":"https:\/\/fincasilla.com\/en\/wp-json\/wp\/v2\/product"}],"about":[{"href":"https:\/\/fincasilla.com\/en\/wp-json\/wp\/v2\/types\/product"}],"wp:featuredmedia":[{"embeddable":true,"href":"https:\/\/fincasilla.com\/en\/wp-json\/wp\/v2\/media\/6200"}],"wp:attachment":[{"href":"https:\/\/fincasilla.com\/en\/wp-json\/wp\/v2\/media?parent=5889"}],"wp:term":[{"taxonomy":"product_cat","embeddable":true,"href":"https:\/\/fincasilla.com\/en\/wp-json\/wp\/v2\/product_cat?post=5889"},{"taxonomy":"product_tag","embeddable":true,"href":"https:\/\/fincasilla.com\/en\/wp-json\/wp\/v2\/product_tag?post=5889"}],"curies":[{"name":"wp","href":"https:\/\/api.w.org\/{rel}","templated":true}]}}