{"id":6596,"date":"2024-12-04T08:53:50","date_gmt":"2024-12-04T06:53:50","guid":{"rendered":"https:\/\/fincasilla.com\/?post_type=product&#038;p=6596"},"modified":"2024-12-05T12:48:06","modified_gmt":"2024-12-05T10:48:06","slug":"26-01-2025-children","status":"publish","type":"product","link":"https:\/\/fincasilla.com\/en\/producto\/espanol-en\/26-01-2025-children\/","title":{"rendered":"26-01-2025 &#8211; Children"},"content":{"rendered":"","protected":false},"excerpt":{"rendered":"<p>Event<\/p>\n<p>Includes: Activities, barbecue and 1 drink.<\/p>\n","protected":false},"featured_media":6590,"template":"","meta":{"inline_featured_image":false,"_joinchat":[]},"product_cat":[234,243],"product_tag":[],"yoast_head":"<!-- This site is optimized with the Yoast SEO plugin v21.9.1 - https:\/\/yoast.com\/wordpress\/plugins\/seo\/ -->\n<title>26-01-2025 - Children - Finca S&#039;illa<\/title>\n<meta name=\"description\" content=\"El domingo 29 de septiembre, ven a merendar a la Granja y a conocer a los nuevos integrantes de la familia\u2026.Conoceremos todos los animales que viven en la granja, los alimentaremos. Vuestro monitor\/a os explicar\u00e1 c\u00f3mo viven en la granja, c\u00f3mo se alimentan, qu\u00e9 producen\u2026 pod\u00e9is traer comida de casa (pan duro, ma\u00edz, fruta y verduras...) para darles, \u00a1les encanta!\" \/>\n<meta name=\"robots\" content=\"index, follow, max-snippet:-1, max-image-preview:large, max-video-preview:-1\" \/>\n<link rel=\"canonical\" href=\"https:\/\/fincasilla.com\/en\/producto\/espanol-en\/26-01-2025-children\/\" \/>\n<meta property=\"og:locale\" content=\"en_US\" \/>\n<meta property=\"og:type\" content=\"article\" \/>\n<meta property=\"og:title\" content=\"26-01-2025 - Children - Finca S&#039;illa\" \/>\n<meta property=\"og:description\" content=\"El domingo 29 de septiembre, ven a merendar a la Granja y a conocer a los nuevos integrantes de la familia\u2026.Conoceremos todos los animales que viven en la granja, los alimentaremos. Vuestro monitor\/a os explicar\u00e1 c\u00f3mo viven en la granja, c\u00f3mo se alimentan, qu\u00e9 producen\u2026 pod\u00e9is traer comida de casa (pan duro, ma\u00edz, fruta y verduras...) para darles, \u00a1les encanta!\" \/>\n<meta property=\"og:url\" content=\"https:\/\/fincasilla.com\/en\/producto\/espanol-en\/26-01-2025-children\/\" \/>\n<meta property=\"og:site_name\" content=\"Finca S&#039;illa\" \/>\n<meta property=\"article:publisher\" content=\"https:\/\/www.facebook.com\/hipicamallorca\" \/>\n<meta property=\"article:modified_time\" content=\"2024-12-05T10:48:06+00:00\" \/>\n<meta property=\"og:image\" content=\"https:\/\/fincasilla.com\/wp-content\/uploads\/2024\/12\/Post-de-Instagram-asado-carne-argentina-ilustrado-celeste-blanco-3.png\" \/>\n\t<meta property=\"og:image:width\" content=\"1080\" \/>\n\t<meta property=\"og:image:height\" content=\"1080\" \/>\n\t<meta property=\"og:image:type\" content=\"image\/png\" \/>\n<meta name=\"twitter:card\" content=\"summary_large_image\" \/>\n<meta name=\"twitter:label1\" content=\"Est. reading time\" \/>\n\t<meta name=\"twitter:data1\" content=\"1 minute\" \/>\n<script type=\"application\/ld+json\" class=\"yoast-schema-graph\">{\"@context\":\"https:\/\/schema.org\",\"@graph\":[{\"@type\":\"WebPage\",\"@id\":\"https:\/\/fincasilla.com\/en\/producto\/espanol-en\/26-01-2025-children\/\",\"url\":\"https:\/\/fincasilla.com\/en\/producto\/espanol-en\/26-01-2025-children\/\",\"name\":\"26-01-2025 - Children - Finca S&#039;illa\",\"isPartOf\":{\"@id\":\"https:\/\/fincasilla.com\/#website\"},\"datePublished\":\"2024-12-04T06:53:50+00:00\",\"dateModified\":\"2024-12-05T10:48:06+00:00\",\"description\":\"El domingo 29 de septiembre, ven a merendar a la Granja y a conocer a los nuevos integrantes de la familia\u2026.Conoceremos todos los animales que viven en la granja, los alimentaremos. Vuestro monitor\/a os explicar\u00e1 c\u00f3mo viven en la granja, c\u00f3mo se alimentan, qu\u00e9 producen\u2026 pod\u00e9is traer comida de casa (pan duro, ma\u00edz, fruta y verduras...) para darles, \u00a1les encanta!\",\"breadcrumb\":{\"@id\":\"https:\/\/fincasilla.com\/en\/producto\/espanol-en\/26-01-2025-children\/#breadcrumb\"},\"inLanguage\":\"en-US\",\"potentialAction\":[{\"@type\":\"ReadAction\",\"target\":[\"https:\/\/fincasilla.com\/en\/producto\/espanol-en\/26-01-2025-children\/\"]}]},{\"@type\":\"BreadcrumbList\",\"@id\":\"https:\/\/fincasilla.com\/en\/producto\/espanol-en\/26-01-2025-children\/#breadcrumb\",\"itemListElement\":[{\"@type\":\"ListItem\",\"position\":1,\"name\":\"Portada\",\"item\":\"https:\/\/fincasilla.com\/en\/\"},{\"@type\":\"ListItem\",\"position\":2,\"name\":\"Shop\",\"item\":\"https:\/\/fincasilla.com\/en\/shop\/\"},{\"@type\":\"ListItem\",\"position\":3,\"name\":\"26-01-2025 &#8211; Children\"}]},{\"@type\":\"WebSite\",\"@id\":\"https:\/\/fincasilla.com\/#website\",\"url\":\"https:\/\/fincasilla.com\/\",\"name\":\"Finca S&#039;illa\",\"description\":\"\",\"publisher\":{\"@id\":\"https:\/\/fincasilla.com\/#organization\"},\"potentialAction\":[{\"@type\":\"SearchAction\",\"target\":{\"@type\":\"EntryPoint\",\"urlTemplate\":\"https:\/\/fincasilla.com\/?s={search_term_string}\"},\"query-input\":\"required name=search_term_string\"}],\"inLanguage\":\"en-US\"},{\"@type\":\"Organization\",\"@id\":\"https:\/\/fincasilla.com\/#organization\",\"name\":\"Granja Escuela Finca S\u00b4illa para ni\u00f1os en Palma de Mallorca\",\"url\":\"https:\/\/fincasilla.com\/\",\"logo\":{\"@type\":\"ImageObject\",\"inLanguage\":\"en-US\",\"@id\":\"https:\/\/fincasilla.com\/#\/schema\/logo\/image\/\",\"url\":\"http:\/\/fincasilla.com\/wp-content\/uploads\/2021\/11\/cropped-Logo_Hipica_Mallorca_Finca_Silla_Favicom.png\",\"contentUrl\":\"http:\/\/fincasilla.com\/wp-content\/uploads\/2021\/11\/cropped-Logo_Hipica_Mallorca_Finca_Silla_Favicom.png\",\"width\":512,\"height\":512,\"caption\":\"Granja Escuela Finca S\u00b4illa para ni\u00f1os en Palma de Mallorca\"},\"image\":{\"@id\":\"https:\/\/fincasilla.com\/#\/schema\/logo\/image\/\"},\"sameAs\":[\"https:\/\/www.facebook.com\/hipicamallorca\",\"https:\/\/instagram.com\/hipicamallorca\"]}]}<\/script>\n<!-- \/ Yoast SEO plugin. -->","yoast_head_json":{"title":"26-01-2025 - Children - Finca S&#039;illa","description":"El domingo 29 de septiembre, ven a merendar a la Granja y a conocer a los nuevos integrantes de la familia\u2026.Conoceremos todos los animales que viven en la granja, los alimentaremos. Vuestro monitor\/a os explicar\u00e1 c\u00f3mo viven en la granja, c\u00f3mo se alimentan, qu\u00e9 producen\u2026 pod\u00e9is traer comida de casa (pan duro, ma\u00edz, fruta y verduras...) para darles, \u00a1les encanta!","robots":{"index":"index","follow":"follow","max-snippet":"max-snippet:-1","max-image-preview":"max-image-preview:large","max-video-preview":"max-video-preview:-1"},"canonical":"https:\/\/fincasilla.com\/en\/producto\/espanol-en\/26-01-2025-children\/","og_locale":"en_US","og_type":"article","og_title":"26-01-2025 - Children - Finca S&#039;illa","og_description":"El domingo 29 de septiembre, ven a merendar a la Granja y a conocer a los nuevos integrantes de la familia\u2026.Conoceremos todos los animales que viven en la granja, los alimentaremos. Vuestro monitor\/a os explicar\u00e1 c\u00f3mo viven en la granja, c\u00f3mo se alimentan, qu\u00e9 producen\u2026 pod\u00e9is traer comida de casa (pan duro, ma\u00edz, fruta y verduras...) para darles, \u00a1les encanta!","og_url":"https:\/\/fincasilla.com\/en\/producto\/espanol-en\/26-01-2025-children\/","og_site_name":"Finca S&#039;illa","article_publisher":"https:\/\/www.facebook.com\/hipicamallorca","article_modified_time":"2024-12-05T10:48:06+00:00","og_image":[{"width":1080,"height":1080,"url":"https:\/\/fincasilla.com\/wp-content\/uploads\/2024\/12\/Post-de-Instagram-asado-carne-argentina-ilustrado-celeste-blanco-3.png","type":"image\/png"}],"twitter_card":"summary_large_image","twitter_misc":{"Est. reading time":"1 minute"},"schema":{"@context":"https:\/\/schema.org","@graph":[{"@type":"WebPage","@id":"https:\/\/fincasilla.com\/en\/producto\/espanol-en\/26-01-2025-children\/","url":"https:\/\/fincasilla.com\/en\/producto\/espanol-en\/26-01-2025-children\/","name":"26-01-2025 - Children - Finca S&#039;illa","isPartOf":{"@id":"https:\/\/fincasilla.com\/#website"},"datePublished":"2024-12-04T06:53:50+00:00","dateModified":"2024-12-05T10:48:06+00:00","description":"El domingo 29 de septiembre, ven a merendar a la Granja y a conocer a los nuevos integrantes de la familia\u2026.Conoceremos todos los animales que viven en la granja, los alimentaremos. Vuestro monitor\/a os explicar\u00e1 c\u00f3mo viven en la granja, c\u00f3mo se alimentan, qu\u00e9 producen\u2026 pod\u00e9is traer comida de casa (pan duro, ma\u00edz, fruta y verduras...) para darles, \u00a1les encanta!","breadcrumb":{"@id":"https:\/\/fincasilla.com\/en\/producto\/espanol-en\/26-01-2025-children\/#breadcrumb"},"inLanguage":"en-US","potentialAction":[{"@type":"ReadAction","target":["https:\/\/fincasilla.com\/en\/producto\/espanol-en\/26-01-2025-children\/"]}]},{"@type":"BreadcrumbList","@id":"https:\/\/fincasilla.com\/en\/producto\/espanol-en\/26-01-2025-children\/#breadcrumb","itemListElement":[{"@type":"ListItem","position":1,"name":"Portada","item":"https:\/\/fincasilla.com\/en\/"},{"@type":"ListItem","position":2,"name":"Shop","item":"https:\/\/fincasilla.com\/en\/shop\/"},{"@type":"ListItem","position":3,"name":"26-01-2025 &#8211; Children"}]},{"@type":"WebSite","@id":"https:\/\/fincasilla.com\/#website","url":"https:\/\/fincasilla.com\/","name":"Finca S&#039;illa","description":"","publisher":{"@id":"https:\/\/fincasilla.com\/#organization"},"potentialAction":[{"@type":"SearchAction","target":{"@type":"EntryPoint","urlTemplate":"https:\/\/fincasilla.com\/?s={search_term_string}"},"query-input":"required name=search_term_string"}],"inLanguage":"en-US"},{"@type":"Organization","@id":"https:\/\/fincasilla.com\/#organization","name":"Granja Escuela Finca S\u00b4illa para ni\u00f1os en Palma de Mallorca","url":"https:\/\/fincasilla.com\/","logo":{"@type":"ImageObject","inLanguage":"en-US","@id":"https:\/\/fincasilla.com\/#\/schema\/logo\/image\/","url":"http:\/\/fincasilla.com\/wp-content\/uploads\/2021\/11\/cropped-Logo_Hipica_Mallorca_Finca_Silla_Favicom.png","contentUrl":"http:\/\/fincasilla.com\/wp-content\/uploads\/2021\/11\/cropped-Logo_Hipica_Mallorca_Finca_Silla_Favicom.png","width":512,"height":512,"caption":"Granja Escuela Finca S\u00b4illa para ni\u00f1os en Palma de Mallorca"},"image":{"@id":"https:\/\/fincasilla.com\/#\/schema\/logo\/image\/"},"sameAs":["https:\/\/www.facebook.com\/hipicamallorca","https:\/\/instagram.com\/hipicamallorca"]}]}},"_links":{"self":[{"href":"https:\/\/fincasilla.com\/en\/wp-json\/wp\/v2\/product\/6596"}],"collection":[{"href":"https:\/\/fincasilla.com\/en\/wp-json\/wp\/v2\/product"}],"about":[{"href":"https:\/\/fincasilla.com\/en\/wp-json\/wp\/v2\/types\/product"}],"wp:featuredmedia":[{"embeddable":true,"href":"https:\/\/fincasilla.com\/en\/wp-json\/wp\/v2\/media\/6590"}],"wp:attachment":[{"href":"https:\/\/fincasilla.com\/en\/wp-json\/wp\/v2\/media?parent=6596"}],"wp:term":[{"taxonomy":"product_cat","embeddable":true,"href":"https:\/\/fincasilla.com\/en\/wp-json\/wp\/v2\/product_cat?post=6596"},{"taxonomy":"product_tag","embeddable":true,"href":"https:\/\/fincasilla.com\/en\/wp-json\/wp\/v2\/product_tag?post=6596"}],"curies":[{"name":"wp","href":"https:\/\/api.w.org\/{rel}","templated":true}]}}